{"id":8062,"date":"2022-04-25T11:33:44","date_gmt":"2022-04-25T09:33:44","guid":{"rendered":"https:\/\/www.tuicamper.com\/mighty\/"},"modified":"2022-04-25T12:01:42","modified_gmt":"2022-04-25T10:01:42","slug":"mighty","status":"publish","type":"page","link":"https:\/\/www.tuicamper.com\/partner\/mighty\/","title":{"rendered":"Mighty"},"content":{"rendered":"<div id='av_section_1'  class='avia-section av-1o1jw9g-489964a467620710388ccaaa821ab7cb main_color avia-section-default avia-no-border-styling  avia-builder-el-0  el_before_av_section  avia-builder-el-first  reduced-content avia-bg-style-scroll container_wrap sidebar_right'  ><div class='container av-section-cont-open' ><main  role=\"main\" itemprop=\"mainContentOfPage\"  class='template-page content  av-content-small alpha units'><div class='post-entry post-entry-type-page post-entry-8062'><div class='entry-content-wrapper clearfix'>\n\n<style type=\"text\/css\" data-created_by=\"avia_inline_auto\" id=\"style-css-av-17npr90-d5af3e17ac75c41cd36e295314655f94\">\n.flex_column.av-17npr90-d5af3e17ac75c41cd36e295314655f94{\nborder-radius:0px 0px 0px 0px;\npadding:0px 0px 0px 0px;\n}\n<\/style>\n<div  class='flex_column av-17npr90-d5af3e17ac75c41cd36e295314655f94 av_one_full  avia-builder-el-1  avia-builder-el-no-sibling  first flex_column_div av-zero-column-padding  '     ><section  class='av_textblock_section av-l0kvjy4d-42a8ed081d16c7dade39cd4ce588f897 '   itemscope=\"itemscope\" itemtype=\"https:\/\/schema.org\/CreativeWork\" ><div class='avia_textblock'  itemprop=\"text\" ><header><\/header>\n<div class=\"ce-textpic ce-center ce-above\">\n<div class=\"ce-bodytext\">\n<header>\n<header>\n<h1 class=\"\">Mighty<\/h1>\n<\/header>\n<div class=\"ce-textpic ce-center ce-above\">\n<div class=\"ce-bodytext\">\n<p>Mighty geh\u00f6rt zur\u00a0<em>thl-group<\/em>.\u00a0Hier ist der Preis das wichtigste Argument! Die Fahrzeuge unseres verl\u00e4sslichen Partners waren zuvor teilweise schon bei den Schwesterunternehmen Maui und Britz in Australien und Neuseeland\u00a0im Einsatz. Oder auch bei El Monte RV in den USA: Zusammen mit effizienten Serviceleistungen wie z.B. Online-Check-In,\u00a0kann so eine vern\u00fcnftige Qualit\u00e4t zu einem besonders g\u00fcnstigen Preis angeboten werden.<\/p>\n<\/div>\n<\/div>\n<\/header>\n<div class=\"ce-textpic ce-center ce-above\">\n<div class=\"ce-bodytext\"><\/div>\n<\/div>\n<\/div>\n<\/div>\n<\/div><\/section><\/div><\/div><\/div><\/main><!-- close content main element --><\/div><\/div><div id='av_section_2'  class='avia-section av-l066t0-7c7087134692caf4c83467447ecd758f main_color avia-section-default avia-no-border-styling  avia-builder-el-3  el_after_av_section  avia-builder-el-last  reduced-content avia-bg-style-scroll container_wrap sidebar_right'  ><div class='container av-section-cont-open' ><div class='template-page content  av-content-small alpha units'><div class='post-entry post-entry-type-page post-entry-8062'><div class='entry-content-wrapper clearfix'>\n\n<style type=\"text\/css\" data-created_by=\"avia_inline_auto\" id=\"style-css-av-l0kvipqr-e4361957e799967105de96af007ddece\">\n.flex_column.av-l0kvipqr-e4361957e799967105de96af007ddece{\nborder-radius:0px 0px 0px 0px;\npadding:0px 0px 0px 0px;\n}\n<\/style>\n<div  class='flex_column av-l0kvipqr-e4361957e799967105de96af007ddece av_one_half  avia-builder-el-4  avia-builder-el-no-sibling  first flex_column_div av-zero-column-padding  '     ><style type=\"text\/css\" data-created_by=\"avia_inline_auto\" id=\"style-css-av-l0kvjq6o-5ec2cb30f5e4afcfb2da0169361e27d2\">\n.avia-image-container.av-l0kvjq6o-5ec2cb30f5e4afcfb2da0169361e27d2 img.avia_image{\nbox-shadow:none;\n}\n.avia-image-container.av-l0kvjq6o-5ec2cb30f5e4afcfb2da0169361e27d2 .av-image-caption-overlay-center{\ncolor:#ffffff;\n}\n<\/style>\n<div  class='avia-image-container av-l0kvjq6o-5ec2cb30f5e4afcfb2da0169361e27d2 av-styling- av-img-linked avia-align-center  avia-builder-el-5  avia-builder-el-no-sibling '   itemprop=\"image\" itemscope=\"itemscope\" itemtype=\"https:\/\/schema.org\/ImageObject\" ><div class=\"avia-image-container-inner\"><div class=\"avia-image-overlay-wrap\"><a href=\"https:\/\/www.tuicamper.com\/partner\/mighty\/mighty-usa\/\" class='avia_image '  aria-label='mighty-usa-verweis'><img decoding=\"async\" fetchpriority=\"high\" class='wp-image-8166 avia-img-lazy-loading-not-8166 avia_image ' src=\"https:\/\/www.tuicamper.com\/wp-docker\/wp-content\/uploads\/2022\/04\/mighty-usa-verweis.jpg\" alt='' title='mighty-usa-verweis'  height=\"240\" width=\"360\"  itemprop=\"thumbnailUrl\" srcset=\"https:\/\/www.tuicamper.com\/wp-docker\/wp-content\/uploads\/2022\/04\/mighty-usa-verweis.jpg 360w, https:\/\/www.tuicamper.com\/wp-docker\/wp-content\/uploads\/2022\/04\/mighty-usa-verweis-300x200.jpg 300w\" sizes=\"(max-width: 360px) 100vw, 360px\" \/><\/a><\/div><\/div><\/div><\/div><\/div><\/div><\/div><!-- close content main div --><\/div><\/div><div id='after_section_2'  class='main_color av_default_container_wrap container_wrap sidebar_right'  ><div class='container av-section-cont-open' ><div class='template-page content  av-content-small alpha units'><div class='post-entry post-entry-type-page post-entry-8062'><div class='entry-content-wrapper clearfix'><\/p>\n","protected":false},"excerpt":{"rendered":"","protected":false},"author":3,"featured_media":0,"parent":8027,"menu_order":0,"comment_status":"closed","ping_status":"closed","template":"","meta":{"footnotes":""},"class_list":["post-8062","page","type-page","status-publish","hentry"],"yoast_head":"<!-- This site is optimized with the Yoast SEO plugin v27.1.1 - https:\/\/yoast.com\/product\/yoast-seo-wordpress\/ -->\n<title>Mighty Wohnmobile g\u00fcnstig buchen bei TUI CAMPER<\/title>\n<meta name=\"description\" content=\"Finden Sie preiswerte Wohnmobile von Mighty f\u00fcr einen unvergesslichen Camper-Urlaub in den USA. Mighty g\u00fcnstig buchen bei TUI CAMPER.\" \/>\n<meta name=\"robots\" content=\"index, follow, max-snippet:-1, max-image-preview:large, max-video-preview:-1\" \/>\n<link rel=\"canonical\" href=\"https:\/\/www.tuicamper.com\/partner\/mighty\/\" \/>\n<meta property=\"og:locale\" content=\"de_DE\" \/>\n<meta property=\"og:type\" content=\"article\" \/>\n<meta property=\"og:title\" content=\"Mighty Wohnmobile g\u00fcnstig buchen bei TUI CAMPER\" \/>\n<meta property=\"og:description\" content=\"Finden Sie preiswerte Wohnmobile von Mighty f\u00fcr einen unvergesslichen Camper-Urlaub in den USA. Mighty g\u00fcnstig buchen bei TUI CAMPER.\" \/>\n<meta property=\"og:url\" content=\"https:\/\/www.tuicamper.com\/partner\/mighty\/\" \/>\n<meta property=\"og:site_name\" content=\"TUI Camper Magazin\" \/>\n<meta property=\"article:modified_time\" content=\"2022-04-25T10:01:42+00:00\" \/>\n<meta name=\"twitter:card\" content=\"summary_large_image\" \/>\n<!-- \/ Yoast SEO plugin. -->","yoast_head_json":{"title":"Mighty Wohnmobile g\u00fcnstig buchen bei TUI CAMPER","description":"Finden Sie preiswerte Wohnmobile von Mighty f\u00fcr einen unvergesslichen Camper-Urlaub in den USA. Mighty g\u00fcnstig buchen bei TUI CAMPER.","robots":{"index":"index","follow":"follow","max-snippet":"max-snippet:-1","max-image-preview":"max-image-preview:large","max-video-preview":"max-video-preview:-1"},"canonical":"https:\/\/www.tuicamper.com\/partner\/mighty\/","og_locale":"de_DE","og_type":"article","og_title":"Mighty Wohnmobile g\u00fcnstig buchen bei TUI CAMPER","og_description":"Finden Sie preiswerte Wohnmobile von Mighty f\u00fcr einen unvergesslichen Camper-Urlaub in den USA. Mighty g\u00fcnstig buchen bei TUI CAMPER.","og_url":"https:\/\/www.tuicamper.com\/partner\/mighty\/","og_site_name":"TUI Camper Magazin","article_modified_time":"2022-04-25T10:01:42+00:00","twitter_card":"summary_large_image","schema":{"@context":"https:\/\/schema.org","@graph":[{"@type":"WebPage","@id":"https:\/\/www.tuicamper.com\/partner\/mighty\/","url":"https:\/\/www.tuicamper.com\/partner\/mighty\/","name":"Mighty Wohnmobile g\u00fcnstig buchen bei TUI CAMPER","isPartOf":{"@id":"https:\/\/www.tuicamper.com\/#website"},"datePublished":"2022-04-25T09:33:44+00:00","dateModified":"2022-04-25T10:01:42+00:00","description":"Finden Sie preiswerte Wohnmobile von Mighty f\u00fcr einen unvergesslichen Camper-Urlaub in den USA. Mighty g\u00fcnstig buchen bei TUI CAMPER.","breadcrumb":{"@id":"https:\/\/www.tuicamper.com\/partner\/mighty\/#breadcrumb"},"inLanguage":"de","potentialAction":["Array"]},{"@type":"BreadcrumbList","@id":"https:\/\/www.tuicamper.com\/partner\/mighty\/#breadcrumb","itemListElement":[{"@type":"ListItem","position":1,"name":"Startseite","item":"https:\/\/www.tuicamper.com\/wp-docker\/"},{"@type":"ListItem","position":2,"name":"Partner","item":"https:\/\/www.tuicamper.com\/partner\/"},{"@type":"ListItem","position":3,"name":"Mighty"}]},{"@type":"WebSite","@id":"https:\/\/www.tuicamper.com\/#website","url":"https:\/\/www.tuicamper.com\/","name":"TUI Camper Magazin","description":"","potentialAction":["Array"],"inLanguage":"de"}]}},"_links":{"self":[{"href":"https:\/\/www.tuicamper.com\/wp-docker\/wp-json\/wp\/v2\/pages\/8062","targetHints":{"allow":["GET"]}}],"collection":[{"href":"https:\/\/www.tuicamper.com\/wp-docker\/wp-json\/wp\/v2\/pages"}],"about":[{"href":"https:\/\/www.tuicamper.com\/wp-docker\/wp-json\/wp\/v2\/types\/page"}],"author":[{"embeddable":true,"href":"https:\/\/www.tuicamper.com\/wp-docker\/wp-json\/wp\/v2\/users\/3"}],"replies":[{"embeddable":true,"href":"https:\/\/www.tuicamper.com\/wp-docker\/wp-json\/wp\/v2\/comments?post=8062"}],"version-history":[{"count":2,"href":"https:\/\/www.tuicamper.com\/wp-docker\/wp-json\/wp\/v2\/pages\/8062\/revisions"}],"predecessor-version":[{"id":8264,"href":"https:\/\/www.tuicamper.com\/wp-docker\/wp-json\/wp\/v2\/pages\/8062\/revisions\/8264"}],"up":[{"embeddable":true,"href":"https:\/\/www.tuicamper.com\/wp-docker\/wp-json\/wp\/v2\/pages\/8027"}],"wp:attachment":[{"href":"https:\/\/www.tuicamper.com\/wp-docker\/wp-json\/wp\/v2\/media?parent=8062"}],"curies":[{"name":"wp","href":"https:\/\/api.w.org\/{rel}","templated":true}]}}