{"id":8057,"date":"2022-04-25T11:33:44","date_gmt":"2022-04-25T09:33:44","guid":{"rendered":"https:\/\/www.tuicamper.com\/maui\/"},"modified":"2022-04-25T12:01:42","modified_gmt":"2022-04-25T10:01:42","slug":"maui","status":"publish","type":"page","link":"https:\/\/www.tuicamper.com\/partner\/maui\/","title":{"rendered":"Maui"},"content":{"rendered":"<div id='av_section_1'  class='avia-section av-1iu6s5x-6b5093708f9c833f281d7e02ad56820b main_color avia-section-default avia-no-border-styling  avia-builder-el-0  el_before_av_section  avia-builder-el-first  reduced-content avia-bg-style-scroll container_wrap sidebar_right'  ><div class='container av-section-cont-open' ><main  role=\"main\" itemprop=\"mainContentOfPage\"  class='template-page content  av-content-small alpha units'><div class='post-entry post-entry-type-page post-entry-8057'><div class='entry-content-wrapper clearfix'>\n\n<style type=\"text\/css\" data-created_by=\"avia_inline_auto\" id=\"style-css-av-12pp5cl-09327ca4673831697b511fed588fe384\">\n.flex_column.av-12pp5cl-09327ca4673831697b511fed588fe384{\nborder-radius:0px 0px 0px 0px;\npadding:0px 0px 0px 0px;\n}\n<\/style>\n<div  class='flex_column av-12pp5cl-09327ca4673831697b511fed588fe384 av_one_full  avia-builder-el-1  avia-builder-el-no-sibling  first flex_column_div av-zero-column-padding  '     ><section  class='av_textblock_section av-l0jp4kdg-12473b4698de2e5eb385ea49a35e0c74 '   itemscope=\"itemscope\" itemtype=\"https:\/\/schema.org\/CreativeWork\" ><div class='avia_textblock'  itemprop=\"text\" ><header><\/header>\n<div class=\"ce-textpic ce-center ce-above\">\n<div class=\"ce-bodytext\">\n<header>\n<header>\n<h1 class=\"\">Maui &#8211; Premium Partner von TUI CAMPER<\/h1>\n<\/header>\n<div class=\"ce-textpic ce-center ce-above\">\n<div class=\"ce-bodytext\">\n<p>Unser\u00a0<strong>Premium Partner Maui<\/strong>\u00a0ist Teil der\u00a0THL-Gruppe. Maui ist seit \u00fcber 30 Jahren in Australien und Neuseeland etabliert und seit vielen Jahren auch in S\u00fcdafrika. Die\u00a0umfangreiche Flotte der Premium Klasse bietet Campervans und\u00a0klassischen Wohnmobile\u00a0in bester Qualit\u00e4t. Sehr guter Service ist eine Selbstverst\u00e4ndlichkeit. Davon zeugt die sehr hohe Kundenzufriedenheit.<\/p>\n<\/div>\n<\/div>\n<\/header>\n<div class=\"ce-textpic ce-center ce-above\">\n<div class=\"ce-bodytext\"><\/div>\n<\/div>\n<\/div>\n<\/div>\n<\/div><\/section><\/div><\/div><\/div><\/main><!-- close content main element --><\/div><\/div><div id='av_section_2'  class='avia-section av-v406k5-06f95852fa6b06e09fe8ed6ef192012b main_color avia-section-default avia-no-border-styling  avia-builder-el-3  el_after_av_section  avia-builder-el-last  reduced-content avia-bg-style-scroll container_wrap sidebar_right'  ><div class='container av-section-cont-open' ><div class='template-page content  av-content-small alpha units'><div class='post-entry post-entry-type-page post-entry-8057'><div class='entry-content-wrapper clearfix'>\n\n<style type=\"text\/css\" data-created_by=\"avia_inline_auto\" id=\"style-css-av-l0jp4clf-8f25a61e5246c994a3e5b3d9a9b896d2\">\n.flex_column.av-l0jp4clf-8f25a61e5246c994a3e5b3d9a9b896d2{\nborder-radius:0px 0px 0px 0px;\npadding:0px 0px 0px 0px;\n}\n<\/style>\n<div  class='flex_column av-l0jp4clf-8f25a61e5246c994a3e5b3d9a9b896d2 av_one_half  avia-builder-el-4  el_before_av_one_half  avia-builder-el-first  first flex_column_div av-zero-column-padding  '     ><style type=\"text\/css\" data-created_by=\"avia_inline_auto\" id=\"style-css-av-l0jp5oml-0f1ae80a4e3ac41e82a5eef60e562a69\">\n.avia-image-container.av-l0jp5oml-0f1ae80a4e3ac41e82a5eef60e562a69 img.avia_image{\nbox-shadow:none;\n}\n.avia-image-container.av-l0jp5oml-0f1ae80a4e3ac41e82a5eef60e562a69 .av-image-caption-overlay-center{\ncolor:#ffffff;\n}\n<\/style>\n<div  class='avia-image-container av-l0jp5oml-0f1ae80a4e3ac41e82a5eef60e562a69 av-styling- av-img-linked avia-align-center  avia-builder-el-5  avia-builder-el-no-sibling '   itemprop=\"image\" itemscope=\"itemscope\" itemtype=\"https:\/\/schema.org\/ImageObject\" ><div class=\"avia-image-container-inner\"><div class=\"avia-image-overlay-wrap\"><a href=\"https:\/\/www.tuicamper.com\/partner\/maui\/maui-au-nz\/\" class='avia_image '  aria-label='maui-au-nz-verweis'><img decoding=\"async\" fetchpriority=\"high\" class='wp-image-8171 avia-img-lazy-loading-not-8171 avia_image ' src=\"https:\/\/www.tuicamper.com\/wp-docker\/wp-content\/uploads\/2022\/04\/maui-au-nz-verweis.jpg\" alt='' title='maui-au-nz-verweis'  height=\"240\" width=\"360\"  itemprop=\"thumbnailUrl\" srcset=\"https:\/\/www.tuicamper.com\/wp-docker\/wp-content\/uploads\/2022\/04\/maui-au-nz-verweis.jpg 360w, https:\/\/www.tuicamper.com\/wp-docker\/wp-content\/uploads\/2022\/04\/maui-au-nz-verweis-300x200.jpg 300w\" sizes=\"(max-width: 360px) 100vw, 360px\" \/><\/a><\/div><\/div><\/div><\/div>\n<style type=\"text\/css\" data-created_by=\"avia_inline_auto\" id=\"style-css-av-l0jp47r1-151ae4faf3b209719734b049f9d5a068\">\n.flex_column.av-l0jp47r1-151ae4faf3b209719734b049f9d5a068{\nborder-radius:0px 0px 0px 0px;\npadding:0px 0px 0px 0px;\n}\n<\/style>\n<div  class='flex_column av-l0jp47r1-151ae4faf3b209719734b049f9d5a068 av_one_half  avia-builder-el-6  el_after_av_one_half  avia-builder-el-last  flex_column_div av-zero-column-padding  '     ><style type=\"text\/css\" data-created_by=\"avia_inline_auto\" id=\"style-css-av-l0jp6881-53b4719dc1c8ab748403406a154dc4bc\">\n.avia-image-container.av-l0jp6881-53b4719dc1c8ab748403406a154dc4bc img.avia_image{\nbox-shadow:none;\n}\n.avia-image-container.av-l0jp6881-53b4719dc1c8ab748403406a154dc4bc .av-image-caption-overlay-center{\ncolor:#ffffff;\n}\n<\/style>\n<div  class='avia-image-container av-l0jp6881-53b4719dc1c8ab748403406a154dc4bc av-styling- av-img-linked avia-align-center  avia-builder-el-7  avia-builder-el-no-sibling '   itemprop=\"image\" itemscope=\"itemscope\" itemtype=\"https:\/\/schema.org\/ImageObject\" ><div class=\"avia-image-container-inner\"><div class=\"avia-image-overlay-wrap\"><a href=\"https:\/\/www.tuicamper.com\/partner\/maui\/maui-za\/\" class='avia_image '  aria-label='maui-za-verweis'><img decoding=\"async\" fetchpriority=\"high\" class='wp-image-8172 avia-img-lazy-loading-not-8172 avia_image ' src=\"https:\/\/www.tuicamper.com\/wp-docker\/wp-content\/uploads\/2022\/04\/maui-za-verweis.jpg\" alt='' title='maui-za-verweis'  height=\"240\" width=\"360\"  itemprop=\"thumbnailUrl\" srcset=\"https:\/\/www.tuicamper.com\/wp-docker\/wp-content\/uploads\/2022\/04\/maui-za-verweis.jpg 360w, https:\/\/www.tuicamper.com\/wp-docker\/wp-content\/uploads\/2022\/04\/maui-za-verweis-300x200.jpg 300w\" sizes=\"(max-width: 360px) 100vw, 360px\" \/><\/a><\/div><\/div><\/div><\/div><\/div><\/div><\/div><!-- close content main div --><\/div><\/div><div id='after_section_2'  class='main_color av_default_container_wrap container_wrap sidebar_right'  ><div class='container av-section-cont-open' ><div class='template-page content  av-content-small alpha units'><div class='post-entry post-entry-type-page post-entry-8057'><div class='entry-content-wrapper clearfix'><\/p>\n","protected":false},"excerpt":{"rendered":"","protected":false},"author":3,"featured_media":0,"parent":8027,"menu_order":0,"comment_status":"closed","ping_status":"closed","template":"","meta":{"footnotes":""},"class_list":["post-8057","page","type-page","status-publish","hentry"],"yoast_head":"<!-- This site is optimized with the Yoast SEO plugin v27.1.1 - https:\/\/yoast.com\/product\/yoast-seo-wordpress\/ -->\n<title>Maui Camper g\u00fcnstig buchen bei TUI CAMPER<\/title>\n<meta name=\"description\" content=\"Buchen Sie moderne Wohnmobile von Maui f\u00fcr einen unvergesslichen Urlaub auf vier R\u00e4dern - Maui g\u00fcnstig und bequem buchen bei TUI CAMPER.\" \/>\n<meta name=\"robots\" content=\"index, follow, max-snippet:-1, max-image-preview:large, max-video-preview:-1\" \/>\n<link rel=\"canonical\" href=\"https:\/\/www.tuicamper.com\/partner\/maui\/\" \/>\n<meta property=\"og:locale\" content=\"de_DE\" \/>\n<meta property=\"og:type\" content=\"article\" \/>\n<meta property=\"og:title\" content=\"Maui Camper g\u00fcnstig buchen bei TUI CAMPER\" \/>\n<meta property=\"og:description\" content=\"Buchen Sie moderne Wohnmobile von Maui f\u00fcr einen unvergesslichen Urlaub auf vier R\u00e4dern - Maui g\u00fcnstig und bequem buchen bei TUI CAMPER.\" \/>\n<meta property=\"og:url\" content=\"https:\/\/www.tuicamper.com\/partner\/maui\/\" \/>\n<meta property=\"og:site_name\" content=\"TUI Camper Magazin\" \/>\n<meta property=\"article:modified_time\" content=\"2022-04-25T10:01:42+00:00\" \/>\n<meta name=\"twitter:card\" content=\"summary_large_image\" \/>\n<meta name=\"twitter:label1\" content=\"Gesch\u00e4tzte Lesezeit\" \/>\n\t<meta name=\"twitter:data1\" content=\"6\u00a0Minuten\" \/>\n<!-- \/ Yoast SEO plugin. -->","yoast_head_json":{"title":"Maui Camper g\u00fcnstig buchen bei TUI CAMPER","description":"Buchen Sie moderne Wohnmobile von Maui f\u00fcr einen unvergesslichen Urlaub auf vier R\u00e4dern - Maui g\u00fcnstig und bequem buchen bei TUI CAMPER.","robots":{"index":"index","follow":"follow","max-snippet":"max-snippet:-1","max-image-preview":"max-image-preview:large","max-video-preview":"max-video-preview:-1"},"canonical":"https:\/\/www.tuicamper.com\/partner\/maui\/","og_locale":"de_DE","og_type":"article","og_title":"Maui Camper g\u00fcnstig buchen bei TUI CAMPER","og_description":"Buchen Sie moderne Wohnmobile von Maui f\u00fcr einen unvergesslichen Urlaub auf vier R\u00e4dern - Maui g\u00fcnstig und bequem buchen bei TUI CAMPER.","og_url":"https:\/\/www.tuicamper.com\/partner\/maui\/","og_site_name":"TUI Camper Magazin","article_modified_time":"2022-04-25T10:01:42+00:00","twitter_card":"summary_large_image","twitter_misc":{"Gesch\u00e4tzte Lesezeit":"6\u00a0Minuten"},"schema":{"@context":"https:\/\/schema.org","@graph":[{"@type":"WebPage","@id":"https:\/\/www.tuicamper.com\/partner\/maui\/","url":"https:\/\/www.tuicamper.com\/partner\/maui\/","name":"Maui Camper g\u00fcnstig buchen bei TUI CAMPER","isPartOf":{"@id":"https:\/\/www.tuicamper.com\/#website"},"datePublished":"2022-04-25T09:33:44+00:00","dateModified":"2022-04-25T10:01:42+00:00","description":"Buchen Sie moderne Wohnmobile von Maui f\u00fcr einen unvergesslichen Urlaub auf vier R\u00e4dern - Maui g\u00fcnstig und bequem buchen bei TUI CAMPER.","breadcrumb":{"@id":"https:\/\/www.tuicamper.com\/partner\/maui\/#breadcrumb"},"inLanguage":"de","potentialAction":["Array"]},{"@type":"BreadcrumbList","@id":"https:\/\/www.tuicamper.com\/partner\/maui\/#breadcrumb","itemListElement":[{"@type":"ListItem","position":1,"name":"Startseite","item":"https:\/\/www.tuicamper.com\/wp-docker\/"},{"@type":"ListItem","position":2,"name":"Partner","item":"https:\/\/www.tuicamper.com\/partner\/"},{"@type":"ListItem","position":3,"name":"Maui"}]},{"@type":"WebSite","@id":"https:\/\/www.tuicamper.com\/#website","url":"https:\/\/www.tuicamper.com\/","name":"TUI Camper Magazin","description":"","potentialAction":["Array"],"inLanguage":"de"}]}},"_links":{"self":[{"href":"https:\/\/www.tuicamper.com\/wp-docker\/wp-json\/wp\/v2\/pages\/8057","targetHints":{"allow":["GET"]}}],"collection":[{"href":"https:\/\/www.tuicamper.com\/wp-docker\/wp-json\/wp\/v2\/pages"}],"about":[{"href":"https:\/\/www.tuicamper.com\/wp-docker\/wp-json\/wp\/v2\/types\/page"}],"author":[{"embeddable":true,"href":"https:\/\/www.tuicamper.com\/wp-docker\/wp-json\/wp\/v2\/users\/3"}],"replies":[{"embeddable":true,"href":"https:\/\/www.tuicamper.com\/wp-docker\/wp-json\/wp\/v2\/comments?post=8057"}],"version-history":[{"count":2,"href":"https:\/\/www.tuicamper.com\/wp-docker\/wp-json\/wp\/v2\/pages\/8057\/revisions"}],"predecessor-version":[{"id":8269,"href":"https:\/\/www.tuicamper.com\/wp-docker\/wp-json\/wp\/v2\/pages\/8057\/revisions\/8269"}],"up":[{"embeddable":true,"href":"https:\/\/www.tuicamper.com\/wp-docker\/wp-json\/wp\/v2\/pages\/8027"}],"wp:attachment":[{"href":"https:\/\/www.tuicamper.com\/wp-docker\/wp-json\/wp\/v2\/media?parent=8057"}],"curies":[{"name":"wp","href":"https:\/\/api.w.org\/{rel}","templated":true}]}}