{"id":8044,"date":"2022-04-25T11:33:32","date_gmt":"2022-04-25T09:33:32","guid":{"rendered":"https:\/\/www.tuicamper.com\/britz\/"},"modified":"2022-04-25T12:01:43","modified_gmt":"2022-04-25T10:01:43","slug":"britz","status":"publish","type":"page","link":"https:\/\/www.tuicamper.com\/partner\/britz\/","title":{"rendered":"Britz"},"content":{"rendered":"<div id='av_section_1'  class='avia-section av-akddnv-526ebb00dea871c3d96bcb0d9f1e3b73 main_color avia-section-default avia-no-border-styling  avia-builder-el-0  el_before_av_section  avia-builder-el-first  reduced-content avia-bg-style-scroll container_wrap sidebar_right'  ><div class='container av-section-cont-open' ><main  role=\"main\" itemprop=\"mainContentOfPage\"  class='template-page content  av-content-small alpha units'><div class='post-entry post-entry-type-page post-entry-8044'><div class='entry-content-wrapper clearfix'>\n\n<style type=\"text\/css\" data-created_by=\"avia_inline_auto\" id=\"style-css-av-2m5zkmj-06e30666eb664bcd3ea1a1f25ebf7053\">\n.flex_column.av-2m5zkmj-06e30666eb664bcd3ea1a1f25ebf7053{\nborder-radius:0px 0px 0px 0px;\npadding:0px 0px 0px 0px;\n}\n<\/style>\n<div  class='flex_column av-2m5zkmj-06e30666eb664bcd3ea1a1f25ebf7053 av_one_full  avia-builder-el-1  avia-builder-el-no-sibling  first flex_column_div av-zero-column-padding  '     ><section  class='av_textblock_section av-l0gr7w2c-ab291a17c92b78df06b1b7064de29df5 '   itemscope=\"itemscope\" itemtype=\"https:\/\/schema.org\/CreativeWork\" ><div class='avia_textblock'  itemprop=\"text\" ><header><\/header>\n<div class=\"ce-textpic ce-center ce-above\">\n<div class=\"ce-bodytext\">\n<header>\n<h1 class=\"\">Britz &#8211; Premium Partner von TUI CAMPER<\/h1>\n<\/header>\n<div class=\"ce-textpic ce-center ce-above\">\n<div class=\"ce-bodytext\">\n<p><strong>Unser Premium Partner Britz<\/strong>\u00a0geh\u00f6rt zur THL-Gruppe, wie auch Maui und Mighty. Britz ist seit mehr als 30 Jahren<strong>\u00a0in Australien und Neuseeland<\/strong>\u00a0beliebt bei Familien und Paaren. Die umfangreiche Flotte bietet Campervans und\u00a0klassische\u00a0Wohnmobile, in Australien zus\u00e4tzlich Allrad Camper mit Dachzelt. Als langj\u00e4hriger Qualit\u00e4tspartner ist der sehr gute Service eine Selbstverst\u00e4ndlichkeit.<br \/>\nBritz ist seit\u00a0vielen Jahren<strong>\u00a0auch\u00a0im s\u00fcdlichen Afrika<\/strong>\u00a0etabliert. Hier besteht die Flotte aus verschiedenen 4WD-Campern. Die Hauptstationen liegen in S\u00fcdafrika und Namibia, \u00dcbernahmen\/R\u00fcckgaben sind auch in Botswana, Simbabwe und Sambia m\u00f6glich.<\/p>\n<\/div>\n<\/div>\n<\/div>\n<\/div>\n<\/div><\/section><\/div>\n\n<\/div><\/div><\/main><!-- close content main element --><\/div><\/div><div id='av_section_2'  class='avia-section av-20s1t4b-aed37863a9f1b5094343d5dec21b8b70 main_color avia-section-default avia-no-border-styling  avia-builder-el-3  el_after_av_section  avia-builder-el-last  reduced-content avia-bg-style-scroll container_wrap sidebar_right'  ><div class='container av-section-cont-open' ><div class='template-page content  av-content-small alpha units'><div class='post-entry post-entry-type-page post-entry-8044'><div class='entry-content-wrapper clearfix'>\n\n<style type=\"text\/css\" data-created_by=\"avia_inline_auto\" id=\"style-css-av-1icbrxn-ab2122479061b66af8eda21f93734d38\">\n.flex_column.av-1icbrxn-ab2122479061b66af8eda21f93734d38{\nborder-radius:0px 0px 0px 0px;\npadding:0px 0px 0px 0px;\n}\n<\/style>\n<div  class='flex_column av-1icbrxn-ab2122479061b66af8eda21f93734d38 av_one_half  avia-builder-el-4  el_before_av_one_half  avia-builder-el-first  first flex_column_div av-zero-column-padding  '     ><style type=\"text\/css\" data-created_by=\"avia_inline_auto\" id=\"style-css-av-l0gratx4-f54ba21d7891e422eb0f70be7f3069dc\">\n.avia-image-container.av-l0gratx4-f54ba21d7891e422eb0f70be7f3069dc img.avia_image{\nbox-shadow:none;\n}\n.avia-image-container.av-l0gratx4-f54ba21d7891e422eb0f70be7f3069dc .av-image-caption-overlay-center{\ncolor:#ffffff;\n}\n<\/style>\n<div  class='avia-image-container av-l0gratx4-f54ba21d7891e422eb0f70be7f3069dc av-styling- av-img-linked avia-align-center  avia-builder-el-5  avia-builder-el-no-sibling '   itemprop=\"image\" itemscope=\"itemscope\" itemtype=\"https:\/\/schema.org\/ImageObject\" ><div class=\"avia-image-container-inner\"><div class=\"avia-image-overlay-wrap\"><a href=\"https:\/\/www.tuicamper.com\/partner\/britz\/britz-au-nz\/\" class='avia_image '  aria-label='britz-au-nz-verweis'><img decoding=\"async\" fetchpriority=\"high\" class='wp-image-8185 avia-img-lazy-loading-not-8185 avia_image ' src=\"https:\/\/www.tuicamper.com\/wp-docker\/wp-content\/uploads\/2022\/04\/britz-au-nz-verweis.jpg\" alt='' title='britz-au-nz-verweis'  height=\"240\" width=\"360\"  itemprop=\"thumbnailUrl\" srcset=\"https:\/\/www.tuicamper.com\/wp-docker\/wp-content\/uploads\/2022\/04\/britz-au-nz-verweis.jpg 360w, https:\/\/www.tuicamper.com\/wp-docker\/wp-content\/uploads\/2022\/04\/britz-au-nz-verweis-300x200.jpg 300w\" sizes=\"(max-width: 360px) 100vw, 360px\" \/><\/a><\/div><\/div><\/div><\/div>\n<style type=\"text\/css\" data-created_by=\"avia_inline_auto\" id=\"style-css-av-48ti97-b735fd87770c7838f67dfbda636a62ff\">\n.flex_column.av-48ti97-b735fd87770c7838f67dfbda636a62ff{\nborder-radius:0px 0px 0px 0px;\npadding:0px 0px 0px 0px;\n}\n<\/style>\n<div  class='flex_column av-48ti97-b735fd87770c7838f67dfbda636a62ff av_one_half  avia-builder-el-6  el_after_av_one_half  el_before_av_one_half  flex_column_div av-zero-column-padding  '     ><style type=\"text\/css\" data-created_by=\"avia_inline_auto\" id=\"style-css-av-l0grbnmr-b9a97b8762efa20dc3e2a5612cc7d5af\">\n.avia-image-container.av-l0grbnmr-b9a97b8762efa20dc3e2a5612cc7d5af img.avia_image{\nbox-shadow:none;\n}\n.avia-image-container.av-l0grbnmr-b9a97b8762efa20dc3e2a5612cc7d5af .av-image-caption-overlay-center{\ncolor:#ffffff;\n}\n<\/style>\n<div  class='avia-image-container av-l0grbnmr-b9a97b8762efa20dc3e2a5612cc7d5af av-styling- av-img-linked avia-align-center  avia-builder-el-7  avia-builder-el-no-sibling '   itemprop=\"image\" itemscope=\"itemscope\" itemtype=\"https:\/\/schema.org\/ImageObject\" ><div class=\"avia-image-container-inner\"><div class=\"avia-image-overlay-wrap\"><a href=\"https:\/\/www.tuicamper.com\/partner\/britz\/britz-usa\/\" class='avia_image '  aria-label='britz-usa-teaser'><img decoding=\"async\" fetchpriority=\"high\" class='wp-image-8186 avia-img-lazy-loading-not-8186 avia_image ' src=\"https:\/\/www.tuicamper.com\/wp-docker\/wp-content\/uploads\/2022\/04\/britz-usa-teaser.jpg\" alt='' title='britz-usa-teaser'  height=\"240\" width=\"360\"  itemprop=\"thumbnailUrl\" srcset=\"https:\/\/www.tuicamper.com\/wp-docker\/wp-content\/uploads\/2022\/04\/britz-usa-teaser.jpg 360w, https:\/\/www.tuicamper.com\/wp-docker\/wp-content\/uploads\/2022\/04\/britz-usa-teaser-300x200.jpg 300w\" sizes=\"(max-width: 360px) 100vw, 360px\" \/><\/a><\/div><\/div><\/div><\/div>\n<style type=\"text\/css\" data-created_by=\"avia_inline_auto\" id=\"style-css-av-tcry17-66d1c672822834db31b5c23f5f8878f4\">\n.flex_column.av-tcry17-66d1c672822834db31b5c23f5f8878f4{\nborder-radius:0px 0px 0px 0px;\npadding:0px 0px 0px 0px;\n}\n<\/style>\n<div  class='flex_column av-tcry17-66d1c672822834db31b5c23f5f8878f4 av_one_half  avia-builder-el-8  el_after_av_one_half  avia-builder-el-last  first flex_column_div av-zero-column-padding  column-top-margin'     ><style type=\"text\/css\" data-created_by=\"avia_inline_auto\" id=\"style-css-av-l0grd33k-cff1a36be1b83a838d86847b14431df1\">\n.avia-image-container.av-l0grd33k-cff1a36be1b83a838d86847b14431df1 img.avia_image{\nbox-shadow:none;\n}\n.avia-image-container.av-l0grd33k-cff1a36be1b83a838d86847b14431df1 .av-image-caption-overlay-center{\ncolor:#ffffff;\n}\n<\/style>\n<div  class='avia-image-container av-l0grd33k-cff1a36be1b83a838d86847b14431df1 av-styling- av-img-linked avia-align-center  avia-builder-el-9  avia-builder-el-no-sibling '   itemprop=\"image\" itemscope=\"itemscope\" itemtype=\"https:\/\/schema.org\/ImageObject\" ><div class=\"avia-image-container-inner\"><div class=\"avia-image-overlay-wrap\"><a href=\"https:\/\/www.tuicamper.com\/partner\/britz\/britz-za\/\" class='avia_image '  aria-label='britz-za-verweis'><img decoding=\"async\" fetchpriority=\"high\" class='wp-image-8187 avia-img-lazy-loading-not-8187 avia_image ' src=\"https:\/\/www.tuicamper.com\/wp-docker\/wp-content\/uploads\/2022\/04\/britz-za-verweis.jpg\" alt='' title='britz-za-verweis'  height=\"240\" width=\"360\"  itemprop=\"thumbnailUrl\" srcset=\"https:\/\/www.tuicamper.com\/wp-docker\/wp-content\/uploads\/2022\/04\/britz-za-verweis.jpg 360w, https:\/\/www.tuicamper.com\/wp-docker\/wp-content\/uploads\/2022\/04\/britz-za-verweis-300x200.jpg 300w\" sizes=\"(max-width: 360px) 100vw, 360px\" \/><\/a><\/div><\/div><\/div><\/div><\/div><\/div><\/div><!-- close content main div --><\/div><\/div><div id='after_section_2'  class='main_color av_default_container_wrap container_wrap sidebar_right'  ><div class='container av-section-cont-open' ><div class='template-page content  av-content-small alpha units'><div class='post-entry post-entry-type-page post-entry-8044'><div class='entry-content-wrapper clearfix'>\n","protected":false},"excerpt":{"rendered":"","protected":false},"author":3,"featured_media":0,"parent":8027,"menu_order":0,"comment_status":"closed","ping_status":"closed","template":"","meta":{"footnotes":""},"class_list":["post-8044","page","type-page","status-publish","hentry"],"yoast_head":"<!-- This site is optimized with the Yoast SEO plugin v27.1.1 - https:\/\/yoast.com\/product\/yoast-seo-wordpress\/ -->\n<title>Britz Wohnmobile g\u00fcnstig buchen bei TUI CAMPER<\/title>\n<meta name=\"description\" content=\"Finden Sie moderne Wohnmobile von Britz f\u00fcr einen unvergesslichen Urlaub auf vier R\u00e4dern - Britz Wohnmobile g\u00fcnstig und bequem buchen bei TUI CAMPER.\" \/>\n<meta name=\"robots\" content=\"index, follow, max-snippet:-1, max-image-preview:large, max-video-preview:-1\" \/>\n<link rel=\"canonical\" href=\"https:\/\/www.tuicamper.com\/partner\/britz\/\" \/>\n<meta property=\"og:locale\" content=\"de_DE\" \/>\n<meta property=\"og:type\" content=\"article\" \/>\n<meta property=\"og:title\" content=\"Britz Wohnmobile g\u00fcnstig buchen bei TUI CAMPER\" \/>\n<meta property=\"og:description\" content=\"Finden Sie moderne Wohnmobile von Britz f\u00fcr einen unvergesslichen Urlaub auf vier R\u00e4dern - Britz Wohnmobile g\u00fcnstig und bequem buchen bei TUI CAMPER.\" \/>\n<meta property=\"og:url\" content=\"https:\/\/www.tuicamper.com\/partner\/britz\/\" \/>\n<meta property=\"og:site_name\" content=\"TUI Camper Magazin\" \/>\n<meta property=\"article:modified_time\" content=\"2022-04-25T10:01:43+00:00\" \/>\n<meta name=\"twitter:card\" content=\"summary_large_image\" \/>\n<!-- \/ Yoast SEO plugin. -->","yoast_head_json":{"title":"Britz Wohnmobile g\u00fcnstig buchen bei TUI CAMPER","description":"Finden Sie moderne Wohnmobile von Britz f\u00fcr einen unvergesslichen Urlaub auf vier R\u00e4dern - Britz Wohnmobile g\u00fcnstig und bequem buchen bei TUI CAMPER.","robots":{"index":"index","follow":"follow","max-snippet":"max-snippet:-1","max-image-preview":"max-image-preview:large","max-video-preview":"max-video-preview:-1"},"canonical":"https:\/\/www.tuicamper.com\/partner\/britz\/","og_locale":"de_DE","og_type":"article","og_title":"Britz Wohnmobile g\u00fcnstig buchen bei TUI CAMPER","og_description":"Finden Sie moderne Wohnmobile von Britz f\u00fcr einen unvergesslichen Urlaub auf vier R\u00e4dern - Britz Wohnmobile g\u00fcnstig und bequem buchen bei TUI CAMPER.","og_url":"https:\/\/www.tuicamper.com\/partner\/britz\/","og_site_name":"TUI Camper Magazin","article_modified_time":"2022-04-25T10:01:43+00:00","twitter_card":"summary_large_image","schema":{"@context":"https:\/\/schema.org","@graph":[{"@type":"WebPage","@id":"https:\/\/www.tuicamper.com\/partner\/britz\/","url":"https:\/\/www.tuicamper.com\/partner\/britz\/","name":"Britz Wohnmobile g\u00fcnstig buchen bei TUI CAMPER","isPartOf":{"@id":"https:\/\/www.tuicamper.com\/#website"},"datePublished":"2022-04-25T09:33:32+00:00","dateModified":"2022-04-25T10:01:43+00:00","description":"Finden Sie moderne Wohnmobile von Britz f\u00fcr einen unvergesslichen Urlaub auf vier R\u00e4dern - Britz Wohnmobile g\u00fcnstig und bequem buchen bei TUI CAMPER.","breadcrumb":{"@id":"https:\/\/www.tuicamper.com\/partner\/britz\/#breadcrumb"},"inLanguage":"de","potentialAction":["Array"]},{"@type":"BreadcrumbList","@id":"https:\/\/www.tuicamper.com\/partner\/britz\/#breadcrumb","itemListElement":[{"@type":"ListItem","position":1,"name":"Startseite","item":"https:\/\/www.tuicamper.com\/wp-docker\/"},{"@type":"ListItem","position":2,"name":"Partner","item":"https:\/\/www.tuicamper.com\/partner\/"},{"@type":"ListItem","position":3,"name":"Britz"}]},{"@type":"WebSite","@id":"https:\/\/www.tuicamper.com\/#website","url":"https:\/\/www.tuicamper.com\/","name":"TUI Camper Magazin","description":"","potentialAction":["Array"],"inLanguage":"de"}]}},"_links":{"self":[{"href":"https:\/\/www.tuicamper.com\/wp-docker\/wp-json\/wp\/v2\/pages\/8044","targetHints":{"allow":["GET"]}}],"collection":[{"href":"https:\/\/www.tuicamper.com\/wp-docker\/wp-json\/wp\/v2\/pages"}],"about":[{"href":"https:\/\/www.tuicamper.com\/wp-docker\/wp-json\/wp\/v2\/types\/page"}],"author":[{"embeddable":true,"href":"https:\/\/www.tuicamper.com\/wp-docker\/wp-json\/wp\/v2\/users\/3"}],"replies":[{"embeddable":true,"href":"https:\/\/www.tuicamper.com\/wp-docker\/wp-json\/wp\/v2\/comments?post=8044"}],"version-history":[{"count":3,"href":"https:\/\/www.tuicamper.com\/wp-docker\/wp-json\/wp\/v2\/pages\/8044\/revisions"}],"predecessor-version":[{"id":30134,"href":"https:\/\/www.tuicamper.com\/wp-docker\/wp-json\/wp\/v2\/pages\/8044\/revisions\/30134"}],"up":[{"embeddable":true,"href":"https:\/\/www.tuicamper.com\/wp-docker\/wp-json\/wp\/v2\/pages\/8027"}],"wp:attachment":[{"href":"https:\/\/www.tuicamper.com\/wp-docker\/wp-json\/wp\/v2\/media?parent=8044"}],"curies":[{"name":"wp","href":"https:\/\/api.w.org\/{rel}","templated":true}]}}