{"id":8032,"date":"2022-04-25T11:33:20","date_gmt":"2022-04-25T09:33:20","guid":{"rendered":"https:\/\/www.tuicamper.com\/meine-buchung\/"},"modified":"2025-06-18T09:32:57","modified_gmt":"2025-06-18T07:32:57","slug":"meine-buchung","status":"publish","type":"page","link":"https:\/\/www.tuicamper.com\/meine-buchung\/","title":{"rendered":"Meine Buchung"},"content":{"rendered":"<div id='av_section_1'  class='avia-section av-l081rqel-a0eb618f3bdc519c931af1d66961b9f2 main_color avia-section-default avia-no-border-styling  avia-builder-el-0  el_before_av_section  avia-builder-el-first  reduced-content avia-bg-style-scroll container_wrap sidebar_right'  ><div class='container av-section-cont-open' ><main  role=\"main\" itemprop=\"mainContentOfPage\"  class='template-page content  av-content-small alpha units'><div class='post-entry post-entry-type-page post-entry-8032'><div class='entry-content-wrapper clearfix'>\n\n<style type=\"text\/css\" data-created_by=\"avia_inline_auto\" id=\"style-css-av-l081rlhk-f31f0caa3b09acdd0e3fd6c4d59c4807\">\n.flex_column.av-l081rlhk-f31f0caa3b09acdd0e3fd6c4d59c4807{\nborder-radius:0px 0px 0px 0px;\npadding:0px 0px 0px 0px;\n}\n<\/style>\n<div  class='flex_column av-l081rlhk-f31f0caa3b09acdd0e3fd6c4d59c4807 av_one_full  avia-builder-el-1  avia-builder-el-no-sibling  first flex_column_div av-zero-column-padding  '     ><section  class='av_textblock_section av-342hns-e573b3c7168164c9af8b2889b522f732 '   itemscope=\"itemscope\" itemtype=\"https:\/\/schema.org\/CreativeWork\" ><div class='avia_textblock'  itemprop=\"text\" ><header>\n<h1 class=\"\">Wer bequem reisen will, reist mit myTUI<\/h1>\n<\/header>\n<div class=\"ce-textpic ce-right ce-intext\">\n<div class=\"ce-bodytext\">\n<p>Das Serviceportal \u21d2<a href=\"https:\/\/my.tui.com\/\" target=\"_blank\" rel=\"noopener\">myTUI<\/a>\u00a0ist Ihr perfekter Urlaubsbegleiter. Viele Service-Funktionen sorgen f\u00fcr entspanntes Reisen \u2013 von der Buchung bis zum Urlaubsort und wieder zur\u00fcck. Sie haben jederzeit die direkte Verbindung zur TUI, haben Ihre Reiseunterlagen jederzeit zur Hand und werden zu Ihren Transferzeiten und eventuelle \u00c4nderungen des Reiseablaufes \u00fcber die App informiert.<\/p>\n<p>F\u00fcr\u00a0<b>TUI CARD Inhaber<\/b>\u00a0gibt es noch mehr praktische Vorteile und den vollen \u00dcberblick \u00fcber Ihre Ums\u00e4tze.<\/p>\n<p>MyTUI steht auch als <b>App f\u00fcr Ihr Smartphone und Tablet<\/b> bereit \u2013 laden Sie MyTUI\u00a0 jetzt kostenfrei herunter:<\/p>\n<p><a href=\"https:\/\/play.google.com\/store\/apps\/details?id=de.tui.meinetui&amp;hl=de\" target=\"_blank\" rel=\"nofollow noopener\">\u21d2Google Play Store<\/a><\/p>\n<p><a href=\"https:\/\/itunes.apple.com\/de\/app\/meine-tui-alles-zu-ihrer-reise-immer-dabei\/id727512443?mt=8\" target=\"_blank\" rel=\"nofollow noopener\">\u21d2Apple Store<\/a><\/p>\n<\/div>\n<\/div>\n<div class=\"ce-textpic ce-right ce-intext\">\n<div class=\"ce-bodytext\"><\/div>\n<\/div>\n<\/div><\/section><\/div><\/div><\/div><\/main><!-- close content main element --><\/div><\/div><div id='av_section_2'  class='avia-section av-3rappc-20dfd6c5e156787784dce692e0b2edb7 main_color avia-section-default avia-no-border-styling  avia-builder-el-3  el_after_av_section  avia-builder-el-last  reduced-content avia-bg-style-scroll container_wrap sidebar_right'  ><div class='container av-section-cont-open' ><div class='template-page content  av-content-small alpha units'><div class='post-entry post-entry-type-page post-entry-8032'><div class='entry-content-wrapper clearfix'>\n\n<style type=\"text\/css\" data-created_by=\"avia_inline_auto\" id=\"style-css-av-1vtnps-16f13f0e0cd5896bf289997c11800da8\">\n.flex_column.av-1vtnps-16f13f0e0cd5896bf289997c11800da8{\nborder-radius:0px 0px 0px 0px;\npadding:0px 0px 0px 0px;\n}\n<\/style>\n<div  class='flex_column av-1vtnps-16f13f0e0cd5896bf289997c11800da8 av_one_full  avia-builder-el-4  avia-builder-el-no-sibling  first flex_column_div av-zero-column-padding  '     ><section  class='av_textblock_section av-m3d7q6pd-3d5a7babbde78be3376f957d3c3d802c '   itemscope=\"itemscope\" itemtype=\"https:\/\/schema.org\/CreativeWork\" ><div class='avia_textblock'  itemprop=\"text\" ><header>\n<h2><strong>Was genau sind &#8222;meine Vorteile&#8220; in myTUI?<\/strong><\/h2>\n<p tabindex=\"1\">Nachdem Sie sich bei myTUI registriert und angemeldet haben, k\u00f6nnen Sie alle myTUI Vorteile nutzen. Dazu geh\u00f6ren:<\/p>\n<ul tabindex=\"1\">\n<li>Jederzeit Zugriff auf Ihre digitale Buchungsunterlagen<\/li>\n<li>24\/7 Kontakt zum TUI Service<\/li>\n<li>Informationen zu Flugzeiten und Bustransfer<\/li>\n<li>Web Check-in<\/li>\n<li>Digitaler MARCO POLO Reisef\u00fchrer<\/li>\n<li>Insider News<\/li>\n<li>Ausfl\u00fcge und Mietwagen zu deiner Reise buchen<\/li>\n<li>Exklusive Rabatt-Coupons<\/li>\n<li>Gewinnspiele und Aktionen<\/li>\n<\/ul>\n<\/header>\n<div class=\"ce-textpic ce-right ce-intext\">\n<div class=\"ce-bodytext\"><\/div>\n<\/div>\n<div class=\"ce-textpic ce-right ce-intext\">\n<div class=\"ce-bodytext\"><\/div>\n<\/div>\n<\/div><\/section><\/div>\n<\/div><\/div><\/div><!-- close content main div --><\/div><\/div><div id='after_section_2'  class='main_color av_default_container_wrap container_wrap sidebar_right'  ><div class='container av-section-cont-open' ><div class='template-page content  av-content-small alpha units'><div class='post-entry post-entry-type-page post-entry-8032'><div class='entry-content-wrapper clearfix'><\/p>\n","protected":false},"excerpt":{"rendered":"","protected":false},"author":3,"featured_media":0,"parent":0,"menu_order":0,"comment_status":"closed","ping_status":"closed","template":"","meta":{"footnotes":""},"class_list":["post-8032","page","type-page","status-publish","hentry"],"yoast_head":"<!-- This site is optimized with the Yoast SEO plugin v27.1.1 - https:\/\/yoast.com\/product\/yoast-seo-wordpress\/ -->\n<title>Verwalten Sie Ihren Wohnmobil-Urlaub - TUI CAMPER<\/title>\n<meta name=\"description\" content=\"Weitere Informationen rund um Ihre Reise finden Sie auf Meine TUI. Ob Reise-Infos oder Zusatzleistungen \u2013 Meine TUI bietet den passenden Inhalt.\" \/>\n<meta name=\"robots\" content=\"index, follow, max-snippet:-1, max-image-preview:large, max-video-preview:-1\" \/>\n<link rel=\"canonical\" href=\"https:\/\/www.tuicamper.com\/meine-buchung\/\" \/>\n<meta property=\"og:locale\" content=\"de_DE\" \/>\n<meta property=\"og:type\" content=\"article\" \/>\n<meta property=\"og:title\" content=\"Verwalten Sie Ihren Wohnmobil-Urlaub - TUI CAMPER\" \/>\n<meta property=\"og:description\" content=\"Weitere Informationen rund um Ihre Reise finden Sie auf Meine TUI. Ob Reise-Infos oder Zusatzleistungen \u2013 Meine TUI bietet den passenden Inhalt.\" \/>\n<meta property=\"og:url\" content=\"https:\/\/www.tuicamper.com\/meine-buchung\/\" \/>\n<meta property=\"og:site_name\" content=\"TUI Camper Magazin\" \/>\n<meta property=\"article:modified_time\" content=\"2025-06-18T07:32:57+00:00\" \/>\n<meta name=\"twitter:card\" content=\"summary_large_image\" \/>\n<meta name=\"twitter:label1\" content=\"Gesch\u00e4tzte Lesezeit\" \/>\n\t<meta name=\"twitter:data1\" content=\"1\u00a0Minute\" \/>\n<!-- \/ Yoast SEO plugin. -->","yoast_head_json":{"title":"Verwalten Sie Ihren Wohnmobil-Urlaub - TUI CAMPER","description":"Weitere Informationen rund um Ihre Reise finden Sie auf Meine TUI. Ob Reise-Infos oder Zusatzleistungen \u2013 Meine TUI bietet den passenden Inhalt.","robots":{"index":"index","follow":"follow","max-snippet":"max-snippet:-1","max-image-preview":"max-image-preview:large","max-video-preview":"max-video-preview:-1"},"canonical":"https:\/\/www.tuicamper.com\/meine-buchung\/","og_locale":"de_DE","og_type":"article","og_title":"Verwalten Sie Ihren Wohnmobil-Urlaub - TUI CAMPER","og_description":"Weitere Informationen rund um Ihre Reise finden Sie auf Meine TUI. Ob Reise-Infos oder Zusatzleistungen \u2013 Meine TUI bietet den passenden Inhalt.","og_url":"https:\/\/www.tuicamper.com\/meine-buchung\/","og_site_name":"TUI Camper Magazin","article_modified_time":"2025-06-18T07:32:57+00:00","twitter_card":"summary_large_image","twitter_misc":{"Gesch\u00e4tzte Lesezeit":"1\u00a0Minute"},"schema":{"@context":"https:\/\/schema.org","@graph":[{"@type":"WebPage","@id":"https:\/\/www.tuicamper.com\/meine-buchung\/","url":"https:\/\/www.tuicamper.com\/meine-buchung\/","name":"Verwalten Sie Ihren Wohnmobil-Urlaub - TUI CAMPER","isPartOf":{"@id":"https:\/\/www.tuicamper.com\/#website"},"datePublished":"2022-04-25T09:33:20+00:00","dateModified":"2025-06-18T07:32:57+00:00","description":"Weitere Informationen rund um Ihre Reise finden Sie auf Meine TUI. Ob Reise-Infos oder Zusatzleistungen \u2013 Meine TUI bietet den passenden Inhalt.","breadcrumb":{"@id":"https:\/\/www.tuicamper.com\/meine-buchung\/#breadcrumb"},"inLanguage":"de","potentialAction":["Array"]},{"@type":"BreadcrumbList","@id":"https:\/\/www.tuicamper.com\/meine-buchung\/#breadcrumb","itemListElement":[{"@type":"ListItem","position":1,"name":"Startseite","item":"https:\/\/www.tuicamper.com\/wp-docker\/"},{"@type":"ListItem","position":2,"name":"Meine Buchung"}]},{"@type":"WebSite","@id":"https:\/\/www.tuicamper.com\/#website","url":"https:\/\/www.tuicamper.com\/","name":"TUI Camper Magazin","description":"","potentialAction":["Array"],"inLanguage":"de"}]}},"_links":{"self":[{"href":"https:\/\/www.tuicamper.com\/wp-docker\/wp-json\/wp\/v2\/pages\/8032","targetHints":{"allow":["GET"]}}],"collection":[{"href":"https:\/\/www.tuicamper.com\/wp-docker\/wp-json\/wp\/v2\/pages"}],"about":[{"href":"https:\/\/www.tuicamper.com\/wp-docker\/wp-json\/wp\/v2\/types\/page"}],"author":[{"embeddable":true,"href":"https:\/\/www.tuicamper.com\/wp-docker\/wp-json\/wp\/v2\/users\/3"}],"replies":[{"embeddable":true,"href":"https:\/\/www.tuicamper.com\/wp-docker\/wp-json\/wp\/v2\/comments?post=8032"}],"version-history":[{"count":15,"href":"https:\/\/www.tuicamper.com\/wp-docker\/wp-json\/wp\/v2\/pages\/8032\/revisions"}],"predecessor-version":[{"id":106897,"href":"https:\/\/www.tuicamper.com\/wp-docker\/wp-json\/wp\/v2\/pages\/8032\/revisions\/106897"}],"wp:attachment":[{"href":"https:\/\/www.tuicamper.com\/wp-docker\/wp-json\/wp\/v2\/media?parent=8032"}],"curies":[{"name":"wp","href":"https:\/\/api.w.org\/{rel}","templated":true}]}}