{"id":8023,"date":"2022-04-25T11:33:20","date_gmt":"2022-04-25T09:33:20","guid":{"rendered":"https:\/\/www.tuicamper.com\/faq\/"},"modified":"2024-05-29T12:27:30","modified_gmt":"2024-05-29T10:27:30","slug":"faq","status":"publish","type":"page","link":"https:\/\/www.tuicamper.com\/faq\/","title":{"rendered":"FAQ"},"content":{"rendered":"\n<style type=\"text\/css\" data-created_by=\"avia_inline_auto\" id=\"style-css-av-l02ii1tc-0e37e614ec7482b5741bdc57b55b70ab\">\n.avia-section.av-l02ii1tc-0e37e614ec7482b5741bdc57b55b70ab{\nbackground-repeat:no-repeat;\nbackground-image:url(https:\/\/www.tuicamper.com\/wp-docker\/wp-content\/uploads\/2022\/04\/faq-header.jpg);\nbackground-position:100% 100%;\nbackground-attachment:scroll;\nmargin-top:0px;\nmargin-bottom:0px;\n}\n<\/style>\n<div id='av_section_1'  class='avia-section av-l02ii1tc-0e37e614ec7482b5741bdc57b55b70ab main_color avia-section-no-padding avia-no-border-styling  avia-builder-el-0  el_before_av_section  avia-builder-el-first  static-full-header highlight-top-left avia-full-stretch avia-bg-style-scroll container_wrap sidebar_right'  data-section-bg-repeat='stretch'><div class='container av-section-cont-open' ><main  role=\"main\" itemprop=\"mainContentOfPage\"  class='template-page content  av-content-small alpha units'><div class='post-entry post-entry-type-page post-entry-8023'><div class='entry-content-wrapper clearfix'>\n\n<style type=\"text\/css\" data-created_by=\"avia_inline_auto\" id=\"style-css-av-30e10i-0cdce4731025274ab5f89be72b0c711d\">\n#top .flex_column.av-30e10i-0cdce4731025274ab5f89be72b0c711d{\nmargin-top:0px;\nmargin-bottom:0px;\n}\n.flex_column.av-30e10i-0cdce4731025274ab5f89be72b0c711d{\nborder-radius:0px 0px 0px 0px;\npadding:0px 0px 0px 0px;\nbackground-color:rgba(255,255,255,0.6);\n}\n.responsive #top #wrap_all .flex_column.av-30e10i-0cdce4731025274ab5f89be72b0c711d{\nmargin-top:0px;\nmargin-bottom:0px;\n}\n<\/style>\n<div  class='flex_column av-30e10i-0cdce4731025274ab5f89be72b0c711d av_one_full  avia-builder-el-1  avia-builder-el-no-sibling  first no_margin flex_column_div av-zero-column-padding  '     ><section  class='av_textblock_section av-l02ihogu-6d0d21ea43bfd0877b630e925fc66274 '   itemscope=\"itemscope\" itemtype=\"https:\/\/schema.org\/CreativeWork\" ><div class='avia_textblock highlight-box p-2'  itemprop=\"text\" ><h2><strong>H\u00e4ufig gestellte Fragen<\/strong><\/h2>\n<div class=\"sub-headline\">Was Sie vor der Reise wissen sollten<\/div>\n<\/div><\/section><\/div>\n\n<\/div><\/div><\/main><!-- close content main element --><\/div><\/div><div id='av_section_2'  class='avia-section av-3rtguq-c4b47f8a26e3b3d1d19f62dadee01327 main_color avia-section-default avia-no-border-styling  avia-builder-el-3  el_after_av_section  avia-builder-el-last  reduced-content avia-bg-style-scroll container_wrap sidebar_right'  ><div class='container av-section-cont-open' ><div class='template-page content  av-content-small alpha units'><div class='post-entry post-entry-type-page post-entry-8023'><div class='entry-content-wrapper clearfix'>\n\n<style type=\"text\/css\" data-created_by=\"avia_inline_auto\" id=\"style-css-av-1vjowy-738d492fee45b1b541d2eeb61d7f6329\">\n.flex_column.av-1vjowy-738d492fee45b1b541d2eeb61d7f6329{\nborder-radius:0px 0px 0px 0px;\npadding:0px 0px 0px 0px;\n}\n<\/style>\n<div  class='flex_column av-1vjowy-738d492fee45b1b541d2eeb61d7f6329 av_one_full  avia-builder-el-4  avia-builder-el-no-sibling  first flex_column_div av-zero-column-padding  '     ><section  class='av_textblock_section av-kf5efwlk-41934f292b70fb1f511b776cc48d2113 '   itemscope=\"itemscope\" itemtype=\"https:\/\/schema.org\/CreativeWork\" ><div class='avia_textblock'  itemprop=\"text\" ><h1>FAQ &#8211; DIE MEISTGESTELLTEN FRAGEN<\/h1>\n<h2><strong>Beratung, Buchung, Voucher<\/strong><\/h2>\n<p><strong>Kann ich mich auch pers\u00f6nlich beraten lassen?<\/strong><\/p>\n<p>Ja, nat\u00fcrlich. Bei konkreten Fragen zur Buchung hilft unser\u00a0<a href=\"\/kontakt\/\">Service Center<\/a>\u00a0gerne weiter.<br \/>\nF\u00fcr ein ausf\u00fchrliches Beratungsgespr\u00e4ch stehen unsere Experten im TUI Reiseb\u00fcro in\u00a0<a href=\"http:\/\/www.tui.com\/reiseexperten\/\" target=\"_blank\" rel=\"noopener\">Deutschland<\/a>\u00a0und der\u00a0<a href=\"http:\/\/tui.ch\/ferien\/reiseexperten\/\" target=\"_blank\" rel=\"noopener\">Schweiz<\/a>\u00a0zur Verf\u00fcgung.<\/p>\n<p><strong>Ich habe ein Fahrzeug gebucht, wie geht es weiter?<\/strong><\/p>\n<p>Nach Abschluss der Buchung erhalten Sie innerhalb weniger Minuten eine E-Mail. Diese beinhaltet, je nach Buchung, eine Auftragsbest\u00e4tigung oder bereits eine Buchungsbest\u00e4tigung.<\/p>\n<p>Eine Auftragsbest\u00e4tigung erhalten Sie, wenn Ihr Fahrzeugtyp oder einzelne Leistungen wie\u00a0<a href=\"\/magazin\/einwegmieten\/\" target=\"_blank\" rel=\"noopener\">Einwegmieten<\/a> oder Extras noch vom entsprechenden Partner vor Ort r\u00fcckbest\u00e4tigt werden m\u00fcssen. Bei Best\u00e4tigung erhalten Sie in der Regel binnen 24-48 Stunden Ihre Buchungsbest\u00e4tigung inklusive Camper-Voucher.<\/p>\n<p>Eine sofortige Buchungsbest\u00e4tigung erhalten Sie, wenn Ihr Fahrzeugtyp zum Zeitpunkt der Buchung ohne Anfrage als verf\u00fcgbar gekennzeichnet ist. Ihren Camper-Voucher erhalten Sie wenige Minuten nach Ihrer Buchung per E-Mail.<\/p>\n<h2><strong>Kosten, Bezahlung, Umbuchung, Stornierung<\/strong><\/h2>\n<p><strong>Welche Kosten fallen bei einer Umbuchung oder Stornierung an?<\/strong><\/p>\n<p>Umbuchungen k\u00f6nnen bis zum 31. Tag vor Anmietung gegen eine Geb\u00fchr von 50 EUR bzw. max. 200 CHF pro Auftrag vorgenommen werden (vgl. Reisebedingungen, Ziffer 9). Bei R\u00fccktritt vor Reisebeginn kann eine Stornierung des Wohnmobils gegen folgenden Geb\u00fchren vorgenommen werden (vgl. Reisebedingungen, Ziffer 8.4.2 B):<\/p>\n<p>bis zum 31. Tag vor Reiseantritt: 25 % des Reisepreises<br \/>\nab dem 30. Tag vor Reiseantritt: 40 % des Reisepreises<br \/>\nab dem 24. Tag vor Reiseantritt: 50 % des Reisepreises<br \/>\nab dem 17. Tag vor Reiseantritt: 60 % des Reisepreises<br \/>\nab dem 10. Tag vor Reiseantritt: 80 % des Reisepreises<\/p>\n<p>Die aktuellen Reisebedingungen finden Sie <a href=\"https:\/\/my.tui.com\/reisebedingungen\/\" target=\"_blank\" rel=\"noopener\">hier<\/a>.<\/p>\n<p><strong>Wie berechnet sich die Kaution f\u00fcr meinen Camper?<\/strong><\/p>\n<p>Die H\u00f6he der jeweiligen Kaution finden Sie in den Nutzungsbedingungen. In der Regel f\u00e4llt Sie aber in H\u00f6he der Selbstbeteiligung an. Bitte beachten Sie, dass in allen L\u00e4ndern die Kaution mittels einer bank\u00fcblichen Kreditkarte hinterlegt wird und meist der Fahrer Inhaber der Kreditkarte sein muss.<\/p>\n<p>Bitte beachten Sie die Nutzungsbedingungen des jeweiligen Anbieters.<\/p>\n<p><strong>Gibt es Zusatzkosten?<\/strong><\/p>\n<p>Viele Leistungen sind in unseren Paketen, wie dem Standard- oder All-Inclusive-Paket bereits enthalten. Kosten f\u00fcr Zusatzleistungen, wie z. B. Einwegmiete oder Kindersitze werden w\u00e4hrend des Buchungsvorganges separat angezeigt. Diese Zusatzkosten sind vor Ort zu zahlen. Zus\u00e4tzlich sind Verbrauchskosten z.B. f\u00fcr Benzin, Diesel und \u00d6l oder Geb\u00fchren f\u00fcr Mautstra\u00dfen, Campingpl\u00e4tze, Nationalparks usw.\u00a0sowie lokale Steuern und Geb\u00fchren auf vor Ort zu zahlende Leistungen nicht im Reisepreis eingeschlossen.<\/p>\n<p><strong>Wie kann ich meinen Camper bezahlen?<\/strong><\/p>\n<p>Die Zahlung kann mit den Kreditkarten TUI Card, VISA, MasterCard, American Express, Diners Club sowie Banklastschrift, gem\u00e4\u00df der neuen SEPA Richtlinien, erfolgen. In der Schweiz k\u00f6nnen Sie mit den Kreditkarten Visa, TUI Visa Bonuscard, MasterCard oder per Rechnung bezahlen. Es entstehen Ihnen keine Kreditkartengeb\u00fchren.<\/p>\n<p><strong>Wann muss ich meinen Reisepreis bezahlen?<\/strong><\/p>\n<div id=\"c4034\" class=\"frame frame-default frame-type-textmedia frame-layout-0\">\n<div class=\"ce-textpic ce-right ce-intext\">\n<div class=\"ce-bodytext\">\n<p>Der Gesamtpreis ist bis 28 Tage vor Anmietung oder sp\u00e4testens mit Versand der Reiseunterlagen f\u00e4llig.<\/p>\n<\/div>\n<\/div>\n<\/div>\n<div id=\"c17159\" class=\"frame frame-default frame-type-html frame-layout-0\">\n<div>\n<div id=\"c17128\" class=\"anchor\"><\/div>\n<\/div>\n<\/div>\n<h2><strong>Versicherung<\/strong><\/h2>\n<p><strong>Welche Versicherungen sind eingeschlossen?<\/strong><\/p>\n<p>In unseren Preisen ist eine Kfz-Haftpflichtversicherung eingeschlossen. Die Kfz-Haftpflichtversicherung tritt ein bei Personen- und Sachschadensanspr\u00fcchen, die ein Dritter (nicht die Fahrzeuginsassen des eigenen Fahrzeuges) als Folge eines Kfz-Unfalls gegen den Fahrer erhebt. Da die nationalen Deckungssummen je nach Partner und Bundesstaat unterschiedlich hoch sind, beinhaltet unser Preis eine Zusatz-Haftpflichtversicherung mit 7,5 Millionen Euro Deckungssumme (<a href=\"https:\/\/www.tuicamper.com\/fileadmin\/user_upload\/versicherungsschutz\/Zusatzhaftpflichtversicherungen_Camper.pdf\">Bedingungen zur Haftpflichtversicherung<\/a>), die nach Aussch\u00f6pfung der mit dem Fahrzeug abgeschlossenen Haftpflichtversicherung eintritt. Eventuelle Schadensmeldungen schicken Sie bitte an unseren\u00a0<a href=\"https:\/\/www.tui.com\/hilfe\/reklamation-nach-ihrer-reise\/\" target=\"\" rel=\"noopener\">Kundenservice<\/a>. Wir \u00fcbernehmen die Weiterleitung an die Versicherung.<\/p>\n<p>Grunds\u00e4tzlich haftet der Kunde w\u00e4hrend der Dauer der Wohnmobilreise f\u00fcr alle selbst- oder fremdverschuldeten Sch\u00e4den am Fahrzeug (inkl. Diebstahl und Vandalismus). Im Preis enthalten ist eine Art Kaskoversicherung mit verschiedenen Deckungsgrenzen. Bitte informieren Sie sich in den Nutzungsbedingungen \u00fcber die jeweilige Haftungsbefreiung und Selbstbeteiligungen der einzelnen Wohnmobilpartner-Versicherungen. Die Partner behalten sich au\u00dferdem vor, eine Bearbeitungsgeb\u00fchr zu berechnen.<\/p>\n<p>Die Zusatzversicherungen der einzelnen Anbieter reduzieren die in den o.g. Haftungsausschl\u00fcssen vorgesehenen Selbstbeteiligungen. Diese Versicherungen sind bereits in den Raten bzw. Paketen enthalten. Die MALI-Versicherung\/El Monte RV f\u00fcr Fahrten nach Mexiko kann nur vor Ort abgeschlossen werden.<\/p>\n<p>Bitte beachten Sie, dass bei mutwilliger Zerst\u00f6rung, bei fahrl\u00e4ssigem Handeln, z. B. Fahren unter Alkoholeinfluss, F\u00fchren des Fahrzeuges durch einen nicht im Vertrag eingetragenen Fahrer, Fahren in nicht zugelassenen Gebieten und Fahren ohne g\u00fcltige Fahrerlaubnis jeglicher Versicherungsschutz erlischt. In jedem (Versicherungs-) Fall ist ein Polizeibericht unbedingt erforderlich.<\/p>\n<p><strong>Wie ist der Ablauf zur Erstattung der Selbstbeteiligung?<\/strong><\/p>\n<p>Vollkaskoversicherung mit Erstattung der Selbstbeteiligung im All Inclusive-Paket*.<\/p>\n<p>Im Fall von Besch\u00e4digung, Unfall oder Diebstahl gem\u00e4\u00df des Versicherungsumfangs und \u2013ausnahmen der Nutzungsbedingungen der Partner, wird die Selbstbeteiligung vom Partner einbehalten und anschlie\u00dfend von TUI Camper erstattet.<\/p>\n<p>Ausgenommen von der Erstattung ist\/sind:<\/p>\n<ul>\n<li>Sch\u00e4den, die durch Missachtung der Nutzungsbedingungen entstehen<\/li>\n<li>Grob fahrl\u00e4ssiges Handeln oder Trunkenheit am Steuer<\/li>\n<li>Alle nicht abgedeckten Sch\u00e4den gem\u00e4\u00df des Mietvertrages des jeweiligen Anbieters<\/li>\n<li>Folgekosten: z. B. Abschlepp-, Telefonkosten, Hotel\u00fcbernachtungen, Bearbeitungsgeb\u00fchren etc.<\/li>\n<li>Besch\u00e4digung der Kupplung durch unsachgem\u00e4\u00dfe Handhabung<\/li>\n<li>Durch Falschbetankung entstandene Kosten<\/li>\n<\/ul>\n<p>Ebenso kann keine Erstattung vorgenommen werden, wenn der Hauptschaden von der Versicherung vor Ort nicht reguliert wird, da hier das Vorliegen von grober Fahrl\u00e4ssigkeit angenommen wird. Im Schadensfall m\u00fcssen Sie vor Ort folgende Vorgehensweise beachten:<\/p>\n<ul>\n<li>Umgehend die Polizei benachrichtigen und einen Unfallbericht erstellen lassen<\/li>\n<li>Umgehende Benachrichtigung der Notfall-Hotline des Partners, bei R\u00fcckgabe des Fahrzeuges vor Ort einen Schadensbericht von der Station ausstellen und unterschreiben lassen.<\/li>\n<\/ul>\n<p>Zur Erstattung der Selbstbeteiligung sind folgende Unterlagen beim TUI CAMPER-Kundenservice einzureichen:<\/p>\n<ul>\n<li>TUI CAMPER Vorgangsnummer bzw. Reisebest\u00e4tigung<\/li>\n<li>Kopie des Mietvertrages<\/li>\n<li>Schadens- und Polizeibericht<\/li>\n<li>Zahlungsnachweis (Quittung oder Belastungsnachweis der Kreditkarte)<\/li>\n<\/ul>\n<p><strong>Bitte laden Sie diese Dokumente in unserem Kontaktformular f\u00fcr Reklamationen nach der Reise hoch:<\/strong><\/p>\n<p>Das Kontaktformular k\u00f6nnen Sie \u00fcber folgenden Link aufrufen:<br \/>\n<a href=\"https:\/\/www.tui.com\/hilfe\/reklamation-nach-ihrer-reise\/\" target=\"\" rel=\"noopener\">https:\/\/www.tui.com\/hilfe\/reklamation-nach-ihrer-reise\/<\/a><\/p>\n<p>*Versicherung ohne Selbstbeteiligung im All-Inclusive Paket Apollo: Im Fall von Besch\u00e4digungen, Unfall oder Diebstahl gem\u00e4\u00df des Versicherungsumfangs und -ausnahmen des Partners (siehe Nutzungsbedingungen) f\u00e4llt vor Ort bei Apollo keine Selbstbeteiligung an. Die Partner behalten sich jedoch vor, eine Bearbeitungsgeb\u00fchr zu berechnen.<\/p>\n<h2><strong>Fahrzeugauswahl, Leistungspakete, Anmietung<\/strong><\/h2>\n<p><strong>Was ist inklusive?<\/strong><\/p>\n<p>Je nach Paket &#8222;Standard&#8220; oder &#8222;All Inclusive&#8220;\u00a0sind unterschiedliche Leistungen eingeschlossen.\u00a0Im\u00a0<strong>All Inclusive Paket<\/strong>\u00a0profitieren Sie von einem TUI Rund-um-Sorglos Paket mit z.B. Vollkaskoschutz (entweder ohne Selbstbeteiligung oder Erstattung der Selbstbeteiligung),\u00a0Camping- und Fahrzeug-Ausstattung und vielen weiteren Leistungen. N\u00e4here Informationen finden Sie in der Leistungsbeschreibung der jeweiligen Pakete, in den Nutzungsbedingungen unserer Partner und in dieser\u00a0<a href=\"https:\/\/www.tuicamper.com\/leistungspakete\/\">\u00dcbersicht<\/a>.<\/p>\n<p><strong>Kann ich ein bestimmtes Fahrzeugmodell reservieren?<\/strong><\/p>\n<p>Sie buchen immer eine Fahrzeuggruppe. Die in unserem Angebot abgebildeten Fahrzeugmodelle verstehen sich als Beispiel f\u00fcr die Ausstattung und Leistung in der jeweiligen Fahrzeuggruppe.<\/p>\n<p>Ein bestimmtes Fahrzeugmodell k\u00f6nnen wir nicht best\u00e4tigen.<\/p>\n<p><strong>Wie finde ich die \u00dcbernahme-\/ Abgabestation im jeweiligen Land?<\/strong><\/p>\n<p>Sie finden die Adresse der jeweiligen Station, an der Sie Ihren Camper abholen m\u00f6chten bzw. zur\u00fcckgeben, auf dem TUI Camper-Voucher, den Sie nach der Buchung per Email erhalten.<\/p>\n<p>Selbstverst\u00e4ndlich finden Sie s\u00e4mtlicher Stationen auch hier bei uns, TUICamper.com\/Stationen. Bitte beachten Sie, dass die Stationen teilweise au\u00dferhalb der St\u00e4dte liegen. Bitte planen Sie entsprechende Transferzeiten ein.<\/p>\n<p><strong>Wie komme ich zur Station?<\/strong><\/p>\n<p>Teilweise bieten unsere Partner Transfers gegen Geb\u00fchr an. In einigen Leistungspaketen sind diese bereits enthalten. Wird kein Transfer angeboten, so muss die Anreise z.B. mit \u00f6ffentlichen Verkehrsmitteln selbst arrangiert werden.<\/p>\n<p><strong>Wann kann ich das Fahrzeug \u00fcbernehmen und abgeben?<\/strong><\/p>\n<p>Die meisten Stationen sind ganzt\u00e4gig ge\u00f6ffnet. Bitte beachten Sie unbedingt, dass die Camper nur w\u00e4hrend der \u00d6ffnungszeiten angenommen bzw. abgegeben werden d\u00fcrfen. In den USA und Kanada darf die Fahrzeug\u00fcbernahme nicht am Ankunftstag nach einem internationalen Flug erfolgen. Die 1. \u00dcbernachtung erfolgt in einem Hotel. (nicht im Preis enthalten, separat zu buchen). Die Fahrzeug\u00fcbernahme muss unbedingt am gebuchten Tag, zur vor Ort vereinbarten Uhrzeit erfolgen. Die genaue \u00dcbernahmezeit, unabh\u00e4ngig von Ihrem Voucher, erfragen Sie bitte am Abend vor der \u00dcbernahme beim Partner vor Ort. Bitte kommen Sie immer angemeldet zu der Station. Die R\u00fcckgabe erfolgt meist am Vormittag zur bei der \u00dcbernahme vereinbarten Zeit.<\/p>\n<p><strong>Ben\u00f6tige ich einen speziellen F\u00fchrerschein?<\/strong><\/p>\n<p>Alle Fahrer m\u00fcssen im Besitz\u00a0<a href=\"\/faq\/fuehrerschein\/\">eines g\u00fcltigen nationalen F\u00fchrerscheins Klasse 3\/B sein<\/a>, der bei \u00dcbernahme im Original zusammen mit einem Reisepass vorgelegt werden muss. In Australien, Neuseeland, USA, Namibia und S\u00fcdafrika ist zus\u00e4tzlich ein internationaler F\u00fchrerschein vorgeschrieben, in allen anderen L\u00e4ndern empfohlen. In Deutschland, Spanien, Portugal, Italien wird f\u00fcr Reisemobile mit einem zul\u00e4ssigen Gesamtgewicht von \u00fcber 3,5 Tonnen der F\u00fchrerschein Klasse 3\/C\/C1 ben\u00f6tigt. Alterseinschr\u00e4nkungen entnehmen Sie bitte den Nutzungsbedingungen des jeweiligen Partners.<\/p>\n<p><strong>Wie ist das Mindest-\/ H\u00f6chstalter?<\/strong><\/p>\n<p>In der Regel betr\u00e4gt das Mindestalter 21 Jahre, teilweise f\u00fcr ausgew\u00e4hlte Modelle auch 18 Jahre. Vereinzelt gibt es auch Begrenzungen hinsichtlich des H\u00f6chstalters bei \u00dcbernahme.<\/p>\n<p>Diese Regeln sind l\u00e4nder- und partnerabh\u00e4ngig. N\u00e4heres dazu finden Sie in den jeweiligen Nutzungsbedingungen.<\/p>\n<p><strong>Darf der Camper auch von anderen Personen gefahren werden?<\/strong><\/p>\n<p>Ja, allerdings ist die Eintragung eines zus\u00e4tzlichen Fahrers vor Ort bei der Anmietung notwendig. Ein Zusatzfahrer ist meist eingeschlossen, jedoch teilweise gegen eine Geb\u00fchr, die vor Ort zu entrichten ist. Bitte beachten Sie, dass ein Versicherungsschutz nur f\u00fcr die vor Ort eingetragenen Personen besteht.<\/p>\n<p><strong>Kann ich den Camper auch in einer anderen Stadt wieder abgeben?<\/strong><\/p>\n<p>Einwegmieten sind auf Anfrage und gegen Geb\u00fchr zwischen den meisten Stationen eines Wohnmobilpartners innerhalb eines Landes m\u00f6glich. In\/zwischen Deutschland, Spanien, Portugal und Italien sind keine Einwegmieten m\u00f6glich. Die \u00c4nderung der Abgabestation nach \u00dcbernahme muss bei der Station angefragt werden und wird bei Best\u00e4tigung mit hohen Geb\u00fchren berechnet, in Australien beispielsweise mit AUD 750.<\/p>\n<p><strong>Was ist zu tun, wenn ich eine Panne oder einen Unfall habe?<\/strong><\/p>\n<p>Unsere Partner bieten einen telefonisch erreichbaren Notfallservice. Bitte verst\u00e4ndigen Sie bei einem Unfall sofort unseren Partner sowie die Polizei und stellen Sie sicher, dass ein Polizeibericht erstellt wird. Bei der R\u00fcckgabe des Fahrzeuges wird ein Schadensbericht vom Partner erstellt und unterschrieben. Weitere Informationen erhalten Sie auch bei \u00dcbernahme vor Ort.<\/p>\n<p><strong>D\u00fcrfen (Haus-)Tiere in den Fahrzeugen mitgenommen werden?<\/strong><\/p>\n<p>Die Mitnahme von Haustieren in die USA \/ Kanada ist bei einigen Anbietern eingeschr\u00e4nkt und teilweise gegen Geb\u00fchr m\u00f6glich; in Deutschland auf Anfrage und gegen eine zus\u00e4tzliche Reinigungsgeb\u00fchr. In den anderen L\u00e4ndern ist die Mitnahme von Haustieren nicht gestattet.<\/p>\n<h2><strong>Einreisebestimmungen<\/strong><\/h2>\n<p><b>Wie lauten die Einreisebestimmungen?<\/b><\/p>\n<p>Die Einreisebestimmungen f\u00fcr Ihr Reiseland finden deutsche Staatsangeh\u00f6rige auf der Seite des\u00a0<a href=\"http:\/\/www.auswaertiges-amt.de\/DE\/Laenderinformationen\/LaenderReiseinformationen_node.html\" target=\"_blank\" rel=\"noopener\">Ausw\u00e4rtigen Amts<\/a>. Schweizer Staatsangeh\u00f6rige wenden sich bitte an das EDA. Staatsb\u00fcrger anderer Nationen m\u00fcssen die f\u00fcr Sie g\u00fcltigen Einreisebedingungen bei der jeweiligen Botschaft\/Konsulat erfragen, da gesonderte Bestimmungen gelten.<\/p>\n<h2><strong>Impfungen<\/strong><\/h2>\n<p><b>Welche Impfungen sollte ich f\u00fcr mein Reiseland durchf\u00fchren?<\/b><\/p>\n<p>Die Impfempfehlungen f\u00fcr Ihr Reiseland finden deutsche Staatsb\u00fcrger z.B. auf der <a href=\"https:\/\/www.auswaertiges-amt.de\/de\/ReiseUndSicherheit\/reise-und-sicherheitshinweise\" target=\"_blank\" rel=\"noopener\">Seite des Ausw\u00e4rtigen Amts<\/a>. Schweizer Staatsb\u00fcrger wenden sich bitte an das Bundesamt f\u00fcr Gesundheit.<\/p>\n<\/div><\/section><\/div><\/div><\/div><\/div><!-- close content main div --><\/div><\/div><div id='after_section_2'  class='main_color av_default_container_wrap container_wrap sidebar_right'  ><div class='container av-section-cont-open' ><div class='template-page content  av-content-small alpha units'><div class='post-entry post-entry-type-page post-entry-8023'><div class='entry-content-wrapper clearfix'>\n","protected":false},"excerpt":{"rendered":"","protected":false},"author":3,"featured_media":0,"parent":0,"menu_order":0,"comment_status":"closed","ping_status":"closed","template":"","meta":{"footnotes":""},"class_list":["post-8023","page","type-page","status-publish","hentry"],"yoast_head":"<!-- This site is optimized with the Yoast SEO plugin v27.4 - https:\/\/yoast.com\/product\/yoast-seo-wordpress\/ -->\n<title>H\u00e4ufig gestellte Fragen (FAQ) \u2013 TUI CAMPER<\/title>\n<meta name=\"description\" content=\"Antworten auf wiederkehrende Fragen haben wir hier f\u00fcr Sie gesammelt: Die TUI CAMPER Frequently Asked Questions.\" \/>\n<meta name=\"robots\" content=\"index, follow, max-snippet:-1, max-image-preview:large, max-video-preview:-1\" \/>\n<link rel=\"canonical\" href=\"https:\/\/www.tuicamper.com\/faq\/\" \/>\n<meta property=\"og:locale\" content=\"de_DE\" \/>\n<meta property=\"og:type\" content=\"article\" \/>\n<meta property=\"og:title\" content=\"H\u00e4ufig gestellte Fragen (FAQ) \u2013 TUI CAMPER\" \/>\n<meta property=\"og:description\" content=\"Antworten auf wiederkehrende Fragen haben wir hier f\u00fcr Sie gesammelt: Die TUI CAMPER Frequently Asked Questions.\" \/>\n<meta property=\"og:url\" content=\"https:\/\/www.tuicamper.com\/faq\/\" \/>\n<meta property=\"og:site_name\" content=\"TUI Camper Magazin\" \/>\n<meta property=\"article:modified_time\" content=\"2024-05-29T10:27:30+00:00\" \/>\n<meta name=\"twitter:card\" content=\"summary_large_image\" \/>\n<meta name=\"twitter:label1\" content=\"Gesch\u00e4tzte Lesezeit\" \/>\n\t<meta name=\"twitter:data1\" content=\"10\u00a0Minuten\" \/>\n<!-- \/ Yoast SEO plugin. -->","yoast_head_json":{"title":"H\u00e4ufig gestellte Fragen (FAQ) \u2013 TUI CAMPER","description":"Antworten auf wiederkehrende Fragen haben wir hier f\u00fcr Sie gesammelt: Die TUI CAMPER Frequently Asked Questions.","robots":{"index":"index","follow":"follow","max-snippet":"max-snippet:-1","max-image-preview":"max-image-preview:large","max-video-preview":"max-video-preview:-1"},"canonical":"https:\/\/www.tuicamper.com\/faq\/","og_locale":"de_DE","og_type":"article","og_title":"H\u00e4ufig gestellte Fragen (FAQ) \u2013 TUI CAMPER","og_description":"Antworten auf wiederkehrende Fragen haben wir hier f\u00fcr Sie gesammelt: Die TUI CAMPER Frequently Asked Questions.","og_url":"https:\/\/www.tuicamper.com\/faq\/","og_site_name":"TUI Camper Magazin","article_modified_time":"2024-05-29T10:27:30+00:00","twitter_card":"summary_large_image","twitter_misc":{"Gesch\u00e4tzte Lesezeit":"10\u00a0Minuten"},"schema":{"@context":"https:\/\/schema.org","@graph":[{"@type":"WebPage","@id":"https:\/\/www.tuicamper.com\/faq\/","url":"https:\/\/www.tuicamper.com\/faq\/","name":"H\u00e4ufig gestellte Fragen (FAQ) \u2013 TUI CAMPER","isPartOf":{"@id":"https:\/\/www.tuicamper.com\/#website"},"datePublished":"2022-04-25T09:33:20+00:00","dateModified":"2024-05-29T10:27:30+00:00","description":"Antworten auf wiederkehrende Fragen haben wir hier f\u00fcr Sie gesammelt: Die TUI CAMPER Frequently Asked Questions.","breadcrumb":{"@id":"https:\/\/www.tuicamper.com\/faq\/#breadcrumb"},"inLanguage":"de","potentialAction":["Array"]},{"@type":"BreadcrumbList","@id":"https:\/\/www.tuicamper.com\/faq\/#breadcrumb","itemListElement":[{"@type":"ListItem","position":1,"name":"Startseite","item":"https:\/\/www.tuicamper.com\/wp-docker\/"},{"@type":"ListItem","position":2,"name":"FAQ"}]},{"@type":"WebSite","@id":"https:\/\/www.tuicamper.com\/#website","url":"https:\/\/www.tuicamper.com\/","name":"TUI Camper Magazin","description":"","potentialAction":["Array"],"inLanguage":"de"}]}},"_links":{"self":[{"href":"https:\/\/www.tuicamper.com\/wp-docker\/wp-json\/wp\/v2\/pages\/8023","targetHints":{"allow":["GET"]}}],"collection":[{"href":"https:\/\/www.tuicamper.com\/wp-docker\/wp-json\/wp\/v2\/pages"}],"about":[{"href":"https:\/\/www.tuicamper.com\/wp-docker\/wp-json\/wp\/v2\/types\/page"}],"author":[{"embeddable":true,"href":"https:\/\/www.tuicamper.com\/wp-docker\/wp-json\/wp\/v2\/users\/3"}],"replies":[{"embeddable":true,"href":"https:\/\/www.tuicamper.com\/wp-docker\/wp-json\/wp\/v2\/comments?post=8023"}],"version-history":[{"count":15,"href":"https:\/\/www.tuicamper.com\/wp-docker\/wp-json\/wp\/v2\/pages\/8023\/revisions"}],"predecessor-version":[{"id":121390,"href":"https:\/\/www.tuicamper.com\/wp-docker\/wp-json\/wp\/v2\/pages\/8023\/revisions\/121390"}],"wp:attachment":[{"href":"https:\/\/www.tuicamper.com\/wp-docker\/wp-json\/wp\/v2\/media?parent=8023"}],"curies":[{"name":"wp","href":"https:\/\/api.w.org\/{rel}","templated":true}]}}