{"id":8018,"date":"2022-04-25T11:33:20","date_gmt":"2022-04-25T09:33:20","guid":{"rendered":"https:\/\/www.tuicamper.com\/cookie-hinweis\/"},"modified":"2023-07-19T16:27:03","modified_gmt":"2023-07-19T14:27:03","slug":"cookie-hinweis","status":"publish","type":"page","link":"https:\/\/www.tuicamper.com\/cookie-hinweis\/","title":{"rendered":"Cookie Hinweis"},"content":{"rendered":"<div id='av_section_1'  class='avia-section av-44zczg-1514014f1f08f2fdcacbfae440a8e2d5 main_color avia-section-default avia-no-border-styling  avia-builder-el-0  avia-builder-el-no-sibling  avia-bg-style-scroll container_wrap sidebar_right'  ><div class='container av-section-cont-open' ><main  role=\"main\" itemprop=\"mainContentOfPage\"  class='template-page content  av-content-small alpha units'><div class='post-entry post-entry-type-page post-entry-8018'><div class='entry-content-wrapper clearfix'>\n\n<style type=\"text\/css\" data-created_by=\"avia_inline_auto\" id=\"style-css-av-2hzaxo-c5fe80fff9d50cd34fd4d24f49673d9c\">\n.flex_column.av-2hzaxo-c5fe80fff9d50cd34fd4d24f49673d9c{\nborder-radius:0px 0px 0px 0px;\npadding:0px 0px 0px 0px;\n}\n<\/style>\n<div  class='flex_column av-2hzaxo-c5fe80fff9d50cd34fd4d24f49673d9c av_one_full  avia-builder-el-1  avia-builder-el-no-sibling  first flex_column_div av-zero-column-padding  '     ><section  class='av_textblock_section av-kf5767cy-2b980ecddca2eb593a47e93c70c67b65 '   itemscope=\"itemscope\" itemtype=\"https:\/\/schema.org\/CreativeWork\" ><div class='avia_textblock'  itemprop=\"text\" ><div id=\"c16561\" class=\"frame frame-default frame-type-header frame-layout-0\">\n<header>\n<h1>Cookie-Hinweis<\/h1>\n<\/header>\n<\/div>\n<div id=\"c16562\" class=\"frame frame-default frame-type-html frame-layout-0\">\n<p>Hier finden Sie alle Information dazu, was Cookies sind, wie wir sie auf TUICAMPER.com verwenden und Ihre Wahlm\u00f6glichkeiten, wenn es um Cookies geht.<\/p>\n<h3><strong>\u00dcber Cookies und \u00e4hnliche Technologien<\/strong><\/h3>\n<p>Cookies sind kleine Datendateien, die es einer Webseite erlauben, eine Reihe von Daten auf Ihrem Desktop-Computer, Laptop oder Mobilger\u00e4t zu erheben und zu speichern. Cookies helfen uns, wichtige Features und Funktionalit\u00e4ten auf unseren Webseiten und mobilen Apps bereitzustellen. Wir benutzen diese, um Ihr Kundenerlebnis zu verbessern. Mit unserer Erlaubnis d\u00fcrfen Cookies anderer Unternehmen auf unseren Webseiten und mobilen Apps angebracht werden. Zum Beispiel verwenden wir Cookies, um Folgendes zu tun:<\/p>\n<p><strong>Die Arbeitsweise unserer Webseiten und mobilen Apps verbessern<\/strong><\/p>\n<p>Cookies erlauben uns, die Arbeitsweise unserer Webseiten und mobilen Apps zu bewerten und zu verbessern, damit wir Ihr Erlebnis personalisieren k\u00f6nnen und Ihnen erm\u00f6glichen, viele der n\u00fctzlichen Funktionen zu nutzen. Cookies helfen uns beispielsweise nachzuverfolgen, welche Seite Sie aufrufen, wenn Sie sich durch jede Stufe des Buchungsprozesses bewegen; sie helfen uns, Ihre Pr\u00e4ferenzen wie z. B. letzte Suchvorg\u00e4nge oder aufgelistete Urlaubstage und den Inhalt Ihres Online-Warenkorbs nicht zu vergessen.<\/p>\n<p><strong>Die Leistung unserer Webseiten und mobilen Apps verbessern<\/strong><\/p>\n<p>Cookies k\u00f6nnen uns helfen zu verstehen, wie unsere Webseiten und mobilen Apps benutzt werden, beispielsweise indem sie uns mitteilen, ob Sie beim Nutzen der Seite Fehlermeldungen bekommen, so dass wir dann verschiedene Ausgestaltungen unserer Webseite und mobilen Apps testen k\u00f6nnen. Websiteanalysen, darunter Google Analytics, liefern Informationen \u00fcber die Anzahl von Besuchern unserer Webseite und mobilen Apps, welche Bereiche unserer Webseite und mobilen Apps besonders beliebt sind und ob es Trends gibt wie z. B., dass eine bestimmte Seite gr\u00f6\u00dftenteils von Menschen in einem bestimmten Land angesehen wird. Diese Cookies helfen uns damit letztlich, Ihren Besuch auf unserer Webseite zu verbessern.<\/p>\n<p><strong>Relevante Online-Werbung bereitstellen<\/strong><\/p>\n<p>Wir verwenden Cookies, um Online-Werbung bereitzustellen, von der wir annehmen, dass sie f\u00fcr Sie besonders interessant f\u00fcr den Besuch unserer Webseiten, mobilen Apps und den Besuch anderer Webseiten ist. So helfen uns diese Cookies beispielsweise dabei, Fl\u00fcge von Ihrem n\u00e4chstgelegenen Flughafen, einen Urlaub an einem Reiseziel, f\u00fcr das Sie sich interessiert haben oder Produkte, die Ihnen vielleicht gefallen, vorzuschlagen.<\/p>\n<p>Diese Cookies d\u00fcrfen Daten \u00fcber Ihr Online-Verhalten erheben, wie z. B. Ihre IP-Adresse, die Webseite, von der Sie auf unsere gekommen sind sowie Informationen \u00fcber Ihre Bestellhistorie oder den Inhalt Ihres Warenkorbs.<\/p>\n<p>Dies bedeutet, dass Sie unsere Werbung auf unseren Webseiten, mobilen Apps und auf Webseiten anderer Unternehmen sehen k\u00f6nnen. Sie k\u00f6nnen auch Werbung f\u00fcr andere Unternehmen auf unseren Webseiten und mobilen Apps sehen.<\/p>\n<p>Um uns zu helfen, nur f\u00fcr Sie relevante Online-Werbung bereitzustellen, verkn\u00fcpfen wir auch Daten, die wir \u00fcber Cookies im Browser Ihrer Ger\u00e4te erheben, mit anderen von uns erhobenen Daten.<\/p>\n<p><strong>Die Effektivit\u00e4t unserer Marketing-Kommunikation einschlie\u00dflich Online-Werbung messen<\/strong><\/p>\n<p>Cookies k\u00f6nnen uns sagen, ob Sie eine bestimmte Werbung gesehen haben und wie lange das her ist. Diese Informationen erm\u00f6glichen es uns, die Effektivit\u00e4t unserer Online-Werbekampagnen zu messen und zu kontrollieren, wie viele Male Ihnen eine Werbung gezeigt wurde. Damit verhindern wir, dass Ihnen st\u00e4ndig die gleiche Werbung angezeigt wird. Wir verwenden Cookies auch dazu, die Effektivit\u00e4t unserer Marketing-Kommunikation dahingehend zu messen, ob Sie beispielsweise eine Marketing-E-Mail ge\u00f6ffnet haben, die wir Ihnen geschickt haben.<\/p>\n<p><strong style=\"font-size: 20px;\">Schl\u00fcsselbegriffe<\/strong><\/p>\n<p><strong>Webseiten-Analyse:<\/strong>\u00a0Webseiten-Analysen, wie z. B. Google Analytics, helfen uns zu verstehen, wie Besucher unsere Webseite nutzen. Wir k\u00f6nnen dabei eine Reihe von Berichten einsehen, wie Besucher mit unserer Webseite und mobilen Apps interagieren. Dies hilft uns dabei den Webseiten-Besuch im Sinne der Besucher stetig zu verbessern.<\/p>\n<p>Webseite-Analysen verwenden sog. Erstanbieter-Cookies, um Besucher-Interaktionen zu verfolgen. In unserem Fall werden sie dazu verwendet, Informationen dar\u00fcber zu sammeln, wie Besucher unsere Webseite und mobile Apps benutzen. Wir nutzen dann die Informationen dazu, Berichte zu erstellen die uns dabei helfen, unsere Webseite zu verbessern.<\/p>\n<p>Diese Webseite benutzt Google Analytics, einen Webanalysedienst der Google Inc. (\u201eGoogle\u201c). Google Analytics verwendet sog. \u201eCookies\u201c, Textdateien, die auf Ihrem Computer gespeichert werden und die eine Analyse der Benutzung der Webseite durch Sie erm\u00f6glichen. Die durch den Cookie erzeugten Informationen \u00fcber Ihre Benutzung dieser Webseite (einschlie\u00dflich Ihrer IP-Adresse) werden an einen Server von Google in den USA \u00fcbertragen und dort gespeichert. Google wird diese Informationen benutzen, um Ihre Nutzung der Webseite auszuwerten, um Reports \u00fcber die Websiteaktivit\u00e4ten f\u00fcr die Websitebetreiber zusammenzustellen und um weitere mit der Websitenutzung und der Internetnutzung verbundene Dienstleistungen zu erbringen. Auch wird Google diese Informationen gegebenenfalls an Dritte \u00fcbertragen, sofern dies gesetzlich vorgeschrieben oder soweit Dritte diese Daten im Auftrag von Google verarbeiten. Google wird in keinem Fall Ihre IP-Adresse mit anderen Daten von Google in Verbindung bringen.<br \/>\nUnsere Webseite nutzt die Anonymisierungs-Funktion von Google Analytics. IP Adressen werden<br \/>\ndadurch nur verk\u00fcrzt gespeichert und weiterverarbeitet, sodass kein Personenbezug herstellbar ist.<\/p>\n<p>Diese Webseite nutzt auch Adobe Analytics, das einen Cookie auf Ihrem Rechner speichert. Werden die durch den Cookie erzeugten Informationen \u00fcber die Benutzung der Webseite an einen Server von Adobe \u00fcbermittelt, dann ist durch die Einstellungen gew\u00e4hrleistet, dass die IP-Adresse vor der Geolokalisierung anonymisiert und vor Speicherung durch eine generische IP-Adresse ersetzt wird. Im Auftrag des Betreibers dieser Webseite wird Adobe diese Informationen benutzen, um die Nutzung der Webseite durch die Nutzer auszuwerten, um Reports \u00fcber die Websiteaktivit\u00e4ten zusammenzustellen und um weitere mit der Websitenutzung und der Internetnutzung verbundene Dienstleistungen gegen\u00fcber dem Websitebetreiber zu erbringen.<br \/>\nDie im Rahmen von Adobe Analytics von Ihrem Browser \u00fcbermittelte IP-Adresse wird nicht mit anderen Daten von Adobe zusammengef\u00fchrt.<br \/>\nWerden die durch den Cookie erzeugten Informationen \u00fcber die Benutzung der Webseite an einen Server von Adobe \u00fcbermittelt, dann ist durch die Einstellungen gew\u00e4hrleistet, dass die IP-Adresse vor der Geolokalisierung anonymisiert und vor Speicherung durch eine generische IP-Adresse ersetzt wird. Im Auftrag des Betreibers dieser Webseite wird Adobe diese Informationen benutzen, um die Nutzung der Webseite durch die Nutzer auszuwerten, um Reports \u00fcber die Websiteaktivit\u00e4ten zusammenzustellen und um weitere mit der Websitenutzung und der Internetnutzung verbundene Dienstleistungen gegen\u00fcber dem Websitebetreiber zu erbringen.<br \/>\nDie im Rahmen von Adobe Analytics von Ihrem Browser \u00fcbermittelte IP-Adresse wird nicht mit anderen Daten von Adobe zusammengef\u00fchrt.<\/p>\n<p><strong>Online-Werbung:\u00a0<\/strong>Marketingbotschaften, die Sie im Internet sehen k\u00f6nnten.<\/p>\n<p>Hier k\u00f6nnen Sie oben stehenden Text als\u00a0<a href=\"https:\/\/www.tuicamper.com\/fileadmin\/user_upload\/footer\/tui-cookies.pdf\">PDF-Datei herunterladen<\/a>.<\/p>\n<p>Hier finden Sie unsere\u00a0<a href=\"https:\/\/www.tuicamper.com\/datenschutz\/\">Datenschutzhinweise<\/a>.<\/p>\n<\/div>\n<\/div><\/section><br \/>\n<section  class='av_textblock_section av-lk9te1ve-7d08e0c515c00ecab718722387518bd0 '   itemscope=\"itemscope\" itemtype=\"https:\/\/schema.org\/CreativeWork\" ><div class='avia_textblock'  itemprop=\"text\" ><h3><strong>Ihre Wahlm\u00f6glichkeiten, wenn es um Cookies geht<\/strong><\/h3>\n<p>Sie k\u00f6nnen Ihre Browser-Einstellungen nutzen, um neue Cookies zu akzeptieren oder abzulehnen und bestehende Cookies zu l\u00f6schen. Sie k\u00f6nnen Ihren Browser auch so einstellen, dass er Sie jedes Mal benachrichtigt, wenn neue Cookies auf Ihrem Computer oder einem anderen Ger\u00e4t gespeichert werden. Ausf\u00fchrlichere Informationen dar\u00fcber, wie Sie Cookies verwalten k\u00f6nnen, finden Sie auf den Webseiten\u00a0<a href=\"http:\/\/www.allaboutcookies.org\/\" target=\"_blank\" rel=\"noopener\">All About Cookies<\/a>\u00a0und\u00a0<a href=\"http:\/\/www.youronlinechoices.com\/uk\/\" target=\"_blank\" rel=\"noopener\">Your Online Choices<\/a>.<\/p>\n<p>Wenn Sie sich daf\u00fcr entscheiden, einige oder alle Cookies zu deaktivieren, werden Sie von unseren Webseiten oder mobilen Apps unter Umst\u00e4nden nicht den vollst\u00e4ndigen Gebrauch machen k\u00f6nnen. Zum Beispiel k\u00f6nnten Sie eventuell Ihrem Warenkorb keine Artikel hinzuf\u00fcgen, nicht zur Kasse gehen oder keine unserer Produkte und Dienstleistungen in Anspruch nehmen, bei denen ansonsten ein Login erforderlich ist.<\/p>\n<p>Sofern wir personalisierte Werbung auf Webseiten anderer Unternehmen zeigen, wird normalerweise das AdChoices-Icon angezeigt. Beim Anklicken dieses Icons wird Ihnen eine spezielle Anleitung dar\u00fcber bereitgestellt, wie Sie ihre Einstellungen zu Online-Werbung kontrollieren k\u00f6nnen. Mehr Informationen sind auf der\u00a0<a href=\"http:\/\/youradchoices.com\/\" target=\"_blank\" rel=\"noopener\">YourAdChoices website<\/a>\u00a0verf\u00fcgbar.<\/p>\n<h3><strong>Widerruf\/ Widerspruch<\/strong><\/h3>\n<p>Ihre abgegebenen Einwilligungen k\u00f6nnen Sie jederzeit mit Wirkung f\u00fcr die Zukunft widerrufen z.B. im Cookie-Banner gehen Sie auf &#8222;detaillierte Einstellungen&#8220; und stellen die Cookie-Kategorien auf inaktiv oder \u00fcber die Fu\u00dfzeile in den jeweiligen Webseiten unter &#8222;Cookie-Hinweis&#8220;. Dazu k\u00f6nnen Sie \u00fcber diesem Text im Abschnitt \u201eMit dem Consent Manager Einstellungen jederzeit anpassen\u201c auf den Link klicken. Ferner haben Sie das Recht aus Gr\u00fcnden, die sich aus Ihrer besonderen Situation ergeben, jederzeit gegen die Verarbeitung Sie betreffender personenbezogener Daten, die aufgrund eines berechtigten Interesses erfolgt, Widerspruch einzulegen. Wir verarbeiten die personenbezogenen Daten im Falle des Widerspruchs nicht mehr, es sei denn, wir k\u00f6nnen zwingende schutzw\u00fcrdige Gr\u00fcnde f\u00fcr die Verarbeitung nachweisen, die den Interessen, Rechten und Freiheiten der betroffenen Person \u00fcberwiegen, oder die Verarbeitung dient der Geltendmachung, Aus\u00fcbung oder Verteidigung von Rechtsanspr\u00fcchen.<\/p>\n<h3><strong>Fragen und Anmerkungen<\/strong><\/h3>\n<p>Die Weiterentwicklung des Internets wirkt sich auch auf die TUI Deutschland GmbH Datenschutzstrategie aus. Sollten Sie daher Fragen oder Anmerkungen zum Datenschutz bei TUI Deutschland GmbH haben, k\u00f6nnen Sie sich an folgende Adresse wenden:<\/p>\n<p>E-Mail:<a href=\"mailto:datenschutz@tui.de\">\u00a0Datenschutz@tui.de<\/a><\/p>\n<p>Postanschrift:<br \/>\nTUI Deutschland GmbH<br \/>\nKarl-Wiechert-Allee 23<br \/>\n30625 Hannover<\/p>\n<p>Die f\u00fcr TUI Deutschland GmbH zust\u00e4ndige Aufsichtsbeh\u00f6rde ist:<br \/>\nLandesbeauftragte f\u00fcr Datenschutz und Informationsfreiheit Niedersachsen<br \/>\nPrinzenstra\u00dfe 5, 30159 Hannover<br \/>\nTelefon: +49 0511 120-4500<br \/>\nE-Mail: poststelle@lfd.niedersachsen.de<\/p>\n<h3><strong>Mit dem Consent Manager Einstellungen jederzeit anpassen<\/strong><\/h3>\n<p>Sie k\u00f6nnen mit Hilfe des Consent Managers jederzeit Ihre derzeit gew\u00e4hlten Einstellungen zu Cookies auf TUICAMPER.com anzeigen lassen. Sie k\u00f6nnen diese auf Wunsch auch jederzeit anpassen und die Zustimmung zu einzelnen Kategorien erteilen bzw. widerrufen. Diese Wahlm\u00f6glichkeiten bestehen zus\u00e4tzlich zu oben beschriebenen Browser-Einstellungen. Damit Sie Ihre gew\u00fcnschten Datenschutzeinstellungen f\u00fcr den Besuch unserer Webseite individuell festlegen k\u00f6nnen, geben wir Ihnen die M\u00f6glichkeit, Ihre Pr\u00e4ferenzen unter &#8222;detaillierte Einstellungen&#8220; hinsichtlich der Kategorien \u201eTechnisch Notwendig\u201c, \u201eFunktional\/Komfort\u201c, \u201eStatistik\/Performance\u201c sowie \u201eMarketing\u201c einzustellen: Bestimmen Sie selbst, welche Cookies wir setzen d\u00fcrfen und sichern Sie Ihre Einstellungen mit dem Button \u201eSpeichern\u201c.<\/p>\n<p>Dazu klicken Sie bitte auf den Button: <strong>&#8222;Einstellungen bearbeiten&#8220;<\/strong>.<\/p>\n<\/div><\/section><br \/>\n<br \/>\n<section  class='av_textblock_section av-lk9texp5-25c1da82091bb9076e378367d9abf756 '   itemscope=\"itemscope\" itemtype=\"https:\/\/schema.org\/CreativeWork\" ><div class='avia_textblock'  itemprop=\"text\" ><h3><\/h3>\n<h3><strong>\u00c4nderungen an unserem Cookie-Hinweis<\/strong><\/h3>\n<p>Dieser Cookie-Hinweis ersetzt alle vorherigen Versionen. Wir d\u00fcrfen den Hinweis jederzeit \u00e4ndern, daher pr\u00fcfen Sie ihn bitte regelm\u00e4\u00dfig hinsichtlich etwaiger Aktualisierungen. Falls die \u00c4nderungen bedeutsam sind, stellen wir auf unserer\/unseren Webseite(n) eine deutlich erkennbare Nachricht bereit.<\/p>\n<p>Letzte Aktualisierung: Juli 2023<\/p>\n<\/div><\/section><\/p><\/div><\/div><\/div><\/main><!-- close content main element --><\/div><\/div><div id='after_section_1'  class='main_color av_default_container_wrap container_wrap sidebar_right'  ><div class='container av-section-cont-open' ><div class='template-page content  av-content-small alpha units'><div class='post-entry post-entry-type-page post-entry-8018'><div class='entry-content-wrapper clearfix'>\n","protected":false},"excerpt":{"rendered":"","protected":false},"author":3,"featured_media":0,"parent":0,"menu_order":0,"comment_status":"closed","ping_status":"closed","template":"","meta":{"footnotes":""},"class_list":["post-8018","page","type-page","status-publish","hentry"],"yoast_head":"<!-- This site is optimized with the Yoast SEO plugin v27.4 - https:\/\/yoast.com\/product\/yoast-seo-wordpress\/ -->\n<title>Cookie Hinweis - TUI CAMPER<\/title>\n<meta name=\"robots\" content=\"index, follow, max-snippet:-1, max-image-preview:large, max-video-preview:-1\" \/>\n<link rel=\"canonical\" href=\"https:\/\/www.tuicamper.com\/cookie-hinweis\/\" \/>\n<meta property=\"og:locale\" content=\"de_DE\" \/>\n<meta property=\"og:type\" content=\"article\" \/>\n<meta property=\"og:title\" content=\"Cookie Hinweis - TUI CAMPER\" \/>\n<meta property=\"og:url\" content=\"https:\/\/www.tuicamper.com\/cookie-hinweis\/\" \/>\n<meta property=\"og:site_name\" content=\"TUI Camper Magazin\" \/>\n<meta property=\"article:modified_time\" content=\"2023-07-19T14:27:03+00:00\" \/>\n<meta name=\"twitter:card\" content=\"summary_large_image\" \/>\n<meta name=\"twitter:label1\" content=\"Gesch\u00e4tzte Lesezeit\" \/>\n\t<meta name=\"twitter:data1\" content=\"10\u00a0Minuten\" \/>\n<!-- \/ Yoast SEO plugin. -->","yoast_head_json":{"title":"Cookie Hinweis - TUI CAMPER","robots":{"index":"index","follow":"follow","max-snippet":"max-snippet:-1","max-image-preview":"max-image-preview:large","max-video-preview":"max-video-preview:-1"},"canonical":"https:\/\/www.tuicamper.com\/cookie-hinweis\/","og_locale":"de_DE","og_type":"article","og_title":"Cookie Hinweis - TUI CAMPER","og_url":"https:\/\/www.tuicamper.com\/cookie-hinweis\/","og_site_name":"TUI Camper Magazin","article_modified_time":"2023-07-19T14:27:03+00:00","twitter_card":"summary_large_image","twitter_misc":{"Gesch\u00e4tzte Lesezeit":"10\u00a0Minuten"},"schema":{"@context":"https:\/\/schema.org","@graph":[{"@type":"WebPage","@id":"https:\/\/www.tuicamper.com\/cookie-hinweis\/","url":"https:\/\/www.tuicamper.com\/cookie-hinweis\/","name":"Cookie Hinweis - TUI CAMPER","isPartOf":{"@id":"https:\/\/www.tuicamper.com\/#website"},"datePublished":"2022-04-25T09:33:20+00:00","dateModified":"2023-07-19T14:27:03+00:00","breadcrumb":{"@id":"https:\/\/www.tuicamper.com\/cookie-hinweis\/#breadcrumb"},"inLanguage":"de","potentialAction":["Array"]},{"@type":"BreadcrumbList","@id":"https:\/\/www.tuicamper.com\/cookie-hinweis\/#breadcrumb","itemListElement":[{"@type":"ListItem","position":1,"name":"Startseite","item":"https:\/\/www.tuicamper.com\/wp-docker\/"},{"@type":"ListItem","position":2,"name":"Cookie Hinweis"}]},{"@type":"WebSite","@id":"https:\/\/www.tuicamper.com\/#website","url":"https:\/\/www.tuicamper.com\/","name":"TUI Camper Magazin","description":"","potentialAction":["Array"],"inLanguage":"de"}]}},"_links":{"self":[{"href":"https:\/\/www.tuicamper.com\/wp-docker\/wp-json\/wp\/v2\/pages\/8018","targetHints":{"allow":["GET"]}}],"collection":[{"href":"https:\/\/www.tuicamper.com\/wp-docker\/wp-json\/wp\/v2\/pages"}],"about":[{"href":"https:\/\/www.tuicamper.com\/wp-docker\/wp-json\/wp\/v2\/types\/page"}],"author":[{"embeddable":true,"href":"https:\/\/www.tuicamper.com\/wp-docker\/wp-json\/wp\/v2\/users\/3"}],"replies":[{"embeddable":true,"href":"https:\/\/www.tuicamper.com\/wp-docker\/wp-json\/wp\/v2\/comments?post=8018"}],"version-history":[{"count":6,"href":"https:\/\/www.tuicamper.com\/wp-docker\/wp-json\/wp\/v2\/pages\/8018\/revisions"}],"predecessor-version":[{"id":104127,"href":"https:\/\/www.tuicamper.com\/wp-docker\/wp-json\/wp\/v2\/pages\/8018\/revisions\/104127"}],"wp:attachment":[{"href":"https:\/\/www.tuicamper.com\/wp-docker\/wp-json\/wp\/v2\/media?parent=8018"}],"curies":[{"name":"wp","href":"https:\/\/api.w.org\/{rel}","templated":true}]}}