{"id":25879,"date":"2022-11-01T09:48:39","date_gmt":"2022-11-01T08:48:39","guid":{"rendered":"https:\/\/www.tuicamper.com\/?page_id=25879"},"modified":"2025-12-08T10:17:33","modified_gmt":"2025-12-08T09:17:33","slug":"blackfriday","status":"publish","type":"page","link":"https:\/\/www.tuicamper.com\/angebote\/blackfriday\/","title":{"rendered":"Blackfriday"},"content":{"rendered":"\n<style type=\"text\/css\" data-created_by=\"avia_inline_auto\" id=\"style-css-av-2hzmhx3-04c2eae1be053c90f11ac82bb09614b7\">\n.avia-section.av-2hzmhx3-04c2eae1be053c90f11ac82bb09614b7{\nbackground-repeat:no-repeat;\nbackground-image:url(https:\/\/www.tuicamper.com\/wp-docker\/wp-content\/uploads\/2022\/11\/background_bf_desktop_left.png);\nbackground-position:0% 100%;\nbackground-attachment:scroll;\n}\n<\/style>\n<div id='av_section_1'  class='avia-section av-2hzmhx3-04c2eae1be053c90f11ac82bb09614b7 main_color avia-section-huge avia-no-border-styling  avia-builder-el-0  el_before_av_section  avia-builder-el-first  ibe-section offer-header-ibe header-dark avia-full-stretch avia-bg-style-scroll container_wrap sidebar_right'  data-section-bg-repeat='stretch'><div class='container av-section-cont-open' ><main  role=\"main\" itemprop=\"mainContentOfPage\"  class='template-page content  av-content-small alpha units'><div class='post-entry post-entry-type-page post-entry-25879'><div class='entry-content-wrapper clearfix'>\n\n<style type=\"text\/css\" data-created_by=\"avia_inline_auto\" id=\"style-css-av-6stzx3-08479466fa8064b6ce6adbecc5cdc77f\">\n.flex_column.av-6stzx3-08479466fa8064b6ce6adbecc5cdc77f{\nbackground:url(https:\/\/www.tuicamper.com\/wp-docker\/wp-content\/uploads\/2022\/11\/Header_deal_bf_desktop.png) 0% 0% no-repeat scroll ;\n}\n<\/style>\n<div  class='flex_column av-6stzx3-08479466fa8064b6ce6adbecc5cdc77f av_one_full  avia-builder-el-1  el_before_av_one_full  avia-builder-el-first  head-text-container font-lines-offer offer-background-layout-container first flex_column_div  '     ><\/div>\n<style type=\"text\/css\" data-created_by=\"avia_inline_auto\" id=\"style-css-av-1c9yzxz-b7b5679d4ccb8bc4fc2ae9c8ea31bf73\">\n.flex_column.av-1c9yzxz-b7b5679d4ccb8bc4fc2ae9c8ea31bf73{\nborder-radius:0px 0px 0px 0px;\npadding:50px 50px 50px 50px;\nbackground-color:#1b115c;\n}\n<\/style>\n<div  class='flex_column av-1c9yzxz-b7b5679d4ccb8bc4fc2ae9c8ea31bf73 av_one_full  avia-builder-el-2  el_after_av_one_full  avia-builder-el-last  ibe-section-container ibe-section-container-dark-mode first flex_column_div  column-top-margin'     ><section  class='av_textblock_section av-w29mgn-b488be452ad85858124a924ebde2835d '   itemscope=\"itemscope\" itemtype=\"https:\/\/schema.org\/CreativeWork\" ><div class='avia_textblock'  itemprop=\"text\" ><div id=\"search-mask\">\r\n    <div class=\"search-mask-waiter\">\r\n        <div class=\"sk-circle\">\r\n            <div class=\"sk-circle1 sk-child\"><\/div>\r\n            <div class=\"sk-circle2 sk-child\"><\/div>\r\n            <div class=\"sk-circle3 sk-child\"><\/div>\r\n            <div class=\"sk-circle4 sk-child\"><\/div>\r\n            <div class=\"sk-circle5 sk-child\"><\/div>\r\n            <div class=\"sk-circle6 sk-child\"><\/div>\r\n            <div class=\"sk-circle7 sk-child\"><\/div>\r\n            <div class=\"sk-circle8 sk-child\"><\/div>\r\n            <div class=\"sk-circle9 sk-child\"><\/div>\r\n            <div class=\"sk-circle10 sk-child\"><\/div>\r\n            <div class=\"sk-circle11 sk-child\"><\/div>\r\n            <div class=\"sk-circle12 sk-child\"><\/div>\r\n        <\/div>\r\n    <\/div>\r\n<\/div>\r\n\n<\/div><\/section><\/div>\n\n<\/div><\/div><\/main><!-- close content main element --><\/div><\/div><div id='av_section_2'  class='avia-section av-1bjh7iv-4c40101571e5e2322f7d3974295f5b29 main_color avia-section-default avia-no-border-styling  avia-builder-el-4  el_after_av_section  avia-builder-el-last  reduced-content ambit-offer-details avia-bg-style-scroll container_wrap sidebar_right'  ><div class='container av-section-cont-open' ><div class='template-page content  av-content-small alpha units'><div class='post-entry post-entry-type-page post-entry-25879'><div class='entry-content-wrapper clearfix'>\n\n<style type=\"text\/css\" data-created_by=\"avia_inline_auto\" id=\"style-css-av-tvftyv-2fbdb63fbf8b8d6e2183f90770777a1a\">\n.flex_column.av-tvftyv-2fbdb63fbf8b8d6e2183f90770777a1a{\nborder-radius:0px 0px 0px 0px;\npadding:0px 0px 0px 0px;\n}\n<\/style>\n<div  class='flex_column av-tvftyv-2fbdb63fbf8b8d6e2183f90770777a1a av_one_full  avia-builder-el-5  avia-builder-el-no-sibling  first flex_column_div av-zero-column-padding  '     ><section  class='av_textblock_section av-miwxsm8h-7f610638776d1fedbf1db8673140ff4d '   itemscope=\"itemscope\" itemtype=\"https:\/\/schema.org\/CreativeWork\" ><div class='avia_textblock'  itemprop=\"text\" ><h2 class=\"headline\"><strong>TUI CAMPER <\/strong><strong>BLACK FRIDAY SALE 2025 ist abgelaufen<\/strong><\/h2>\n<\/div><\/section><br \/>\n<section  class='av_textblock_section av-miwxt9lw-945a4115c6c03be3beadf985eb20ed22 '   itemscope=\"itemscope\" itemtype=\"https:\/\/schema.org\/CreativeWork\" ><div class='avia_textblock'  itemprop=\"text\" ><p>Freuen Sie sich auf unsere n\u00e4chsten Deals am <strong>TUI CAMPER B<\/strong><strong>LACK FRIDAY SALE <\/strong>in 2026.<\/p>\n<\/div><\/section><\/p><\/div><\/div><\/div><\/div><!-- close content main div --><\/div><\/div><div id='after_section_2'  class='main_color av_default_container_wrap container_wrap sidebar_right'  ><div class='container av-section-cont-open' ><div class='template-page content  av-content-small alpha units'><div class='post-entry post-entry-type-page post-entry-25879'><div class='entry-content-wrapper clearfix'>\n","protected":false},"excerpt":{"rendered":"","protected":false},"author":5,"featured_media":0,"parent":8081,"menu_order":0,"comment_status":"closed","ping_status":"closed","template":"","meta":{"footnotes":""},"class_list":["post-25879","page","type-page","status-publish","hentry"],"yoast_head":"<!-- This site is optimized with the Yoast SEO plugin v27.1.1 - https:\/\/yoast.com\/product\/yoast-seo-wordpress\/ -->\n<title>Blackfriday Wohnmobil Angebote 2025 - TUI CAMPER<\/title>\n<meta name=\"description\" content=\"St\u00f6bern Sie in unseren Blackfriday Wohnmobil Angeboten und finden Sie tolle Schn\u00e4ppchen, Rabatte und die besten Deals f\u00fcr Ihre n\u00e4chste Camper-Reise mit TUI CAMPER\" \/>\n<meta name=\"robots\" content=\"index, follow, max-snippet:-1, max-image-preview:large, max-video-preview:-1\" \/>\n<link rel=\"canonical\" href=\"https:\/\/www.tuicamper.com\/angebote\/blackfriday\/\" \/>\n<meta property=\"og:locale\" content=\"de_DE\" \/>\n<meta property=\"og:type\" content=\"article\" \/>\n<meta property=\"og:title\" content=\"Blackfriday Wohnmobil Angebote 2025 - TUI CAMPER\" \/>\n<meta property=\"og:description\" content=\"St\u00f6bern Sie in unseren Blackfriday Wohnmobil Angeboten und finden Sie tolle Schn\u00e4ppchen, Rabatte und die besten Deals f\u00fcr Ihre n\u00e4chste Camper-Reise mit TUI CAMPER\" \/>\n<meta property=\"og:url\" content=\"https:\/\/www.tuicamper.com\/angebote\/blackfriday\/\" \/>\n<meta property=\"og:site_name\" content=\"TUI Camper Magazin\" \/>\n<meta property=\"article:modified_time\" content=\"2025-12-08T09:17:33+00:00\" \/>\n<meta name=\"twitter:card\" content=\"summary_large_image\" \/>\n<meta name=\"twitter:label1\" content=\"Gesch\u00e4tzte Lesezeit\" \/>\n\t<meta name=\"twitter:data1\" content=\"1\u00a0Minute\" \/>\n<!-- \/ Yoast SEO plugin. -->","yoast_head_json":{"title":"Blackfriday Wohnmobil Angebote 2025 - TUI CAMPER","description":"St\u00f6bern Sie in unseren Blackfriday Wohnmobil Angeboten und finden Sie tolle Schn\u00e4ppchen, Rabatte und die besten Deals f\u00fcr Ihre n\u00e4chste Camper-Reise mit TUI CAMPER","robots":{"index":"index","follow":"follow","max-snippet":"max-snippet:-1","max-image-preview":"max-image-preview:large","max-video-preview":"max-video-preview:-1"},"canonical":"https:\/\/www.tuicamper.com\/angebote\/blackfriday\/","og_locale":"de_DE","og_type":"article","og_title":"Blackfriday Wohnmobil Angebote 2025 - TUI CAMPER","og_description":"St\u00f6bern Sie in unseren Blackfriday Wohnmobil Angeboten und finden Sie tolle Schn\u00e4ppchen, Rabatte und die besten Deals f\u00fcr Ihre n\u00e4chste Camper-Reise mit TUI CAMPER","og_url":"https:\/\/www.tuicamper.com\/angebote\/blackfriday\/","og_site_name":"TUI Camper Magazin","article_modified_time":"2025-12-08T09:17:33+00:00","twitter_card":"summary_large_image","twitter_misc":{"Gesch\u00e4tzte Lesezeit":"1\u00a0Minute"},"schema":{"@context":"https:\/\/schema.org","@graph":[{"@type":"WebPage","@id":"https:\/\/www.tuicamper.com\/angebote\/blackfriday\/","url":"https:\/\/www.tuicamper.com\/angebote\/blackfriday\/","name":"Blackfriday Wohnmobil Angebote 2025 - TUI CAMPER","isPartOf":{"@id":"https:\/\/www.tuicamper.com\/#website"},"datePublished":"2022-11-01T08:48:39+00:00","dateModified":"2025-12-08T09:17:33+00:00","description":"St\u00f6bern Sie in unseren Blackfriday Wohnmobil Angeboten und finden Sie tolle Schn\u00e4ppchen, Rabatte und die besten Deals f\u00fcr Ihre n\u00e4chste Camper-Reise mit TUI CAMPER","breadcrumb":{"@id":"https:\/\/www.tuicamper.com\/angebote\/blackfriday\/#breadcrumb"},"inLanguage":"de","potentialAction":["Array"]},{"@type":"BreadcrumbList","@id":"https:\/\/www.tuicamper.com\/angebote\/blackfriday\/#breadcrumb","itemListElement":[{"@type":"ListItem","position":1,"name":"Startseite","item":"https:\/\/www.tuicamper.com\/wp-docker\/"},{"@type":"ListItem","position":2,"name":"Angebote","item":"https:\/\/www.tuicamper.com\/angebote\/"},{"@type":"ListItem","position":3,"name":"Blackfriday"}]},{"@type":"WebSite","@id":"https:\/\/www.tuicamper.com\/#website","url":"https:\/\/www.tuicamper.com\/","name":"TUI Camper Magazin","description":"","potentialAction":["Array"],"inLanguage":"de"}]}},"_links":{"self":[{"href":"https:\/\/www.tuicamper.com\/wp-docker\/wp-json\/wp\/v2\/pages\/25879","targetHints":{"allow":["GET"]}}],"collection":[{"href":"https:\/\/www.tuicamper.com\/wp-docker\/wp-json\/wp\/v2\/pages"}],"about":[{"href":"https:\/\/www.tuicamper.com\/wp-docker\/wp-json\/wp\/v2\/types\/page"}],"author":[{"embeddable":true,"href":"https:\/\/www.tuicamper.com\/wp-docker\/wp-json\/wp\/v2\/users\/5"}],"replies":[{"embeddable":true,"href":"https:\/\/www.tuicamper.com\/wp-docker\/wp-json\/wp\/v2\/comments?post=25879"}],"version-history":[{"count":145,"href":"https:\/\/www.tuicamper.com\/wp-docker\/wp-json\/wp\/v2\/pages\/25879\/revisions"}],"predecessor-version":[{"id":121451,"href":"https:\/\/www.tuicamper.com\/wp-docker\/wp-json\/wp\/v2\/pages\/25879\/revisions\/121451"}],"up":[{"embeddable":true,"href":"https:\/\/www.tuicamper.com\/wp-docker\/wp-json\/wp\/v2\/pages\/8081"}],"wp:attachment":[{"href":"https:\/\/www.tuicamper.com\/wp-docker\/wp-json\/wp\/v2\/media?parent=25879"}],"curies":[{"name":"wp","href":"https:\/\/api.w.org\/{rel}","templated":true}]}}